{"id":54719,"date":"2020-11-09T05:06:02","date_gmt":"2020-11-09T01:06:02","guid":{"rendered":"https:\/\/visaindex.com\/?page_id=54719"},"modified":"2023-07-16T22:57:13","modified_gmt":"2023-07-16T18:57:13","slug":"ueber-uns","status":"publish","type":"page","link":"https:\/\/visaindex.com\/de\/ueber-uns\/","title":{"rendered":"\u00dcber uns"},"content":{"rendered":"\n<h2 class=\"wp-block-heading\" id=\"h-wer-wir-sind\"><strong>Wer wir sind<\/strong><\/h2>\n\n\n\n<p>visaindex.com wird von Guide Consultants LLC betrieben. Dabei handelt es sich um einen weltweit f\u00fchrenden Anbieter von Staatsb\u00fcrgerschaften und Aufenthaltsgenehmigungen durch Investitionsprogramme.<\/p>\n\n\n\n<p>visaindex.com m\u00f6chte mit seiner Online-Plattform das aktuelle weltweite Reisepass-Ranking und umfangreiche Visa-Informationen bereitstellen. Unser Expertenteam nutzt zuverl\u00e4ssige Daten der renommiertesten Reiseziele, um eine leicht zug\u00e4ngliche Rangliste aller Reisep\u00e4sse zu erstellen. Wir sehen visaindex.com als eine wertvolle Plattform f\u00fcr alle, die fundierte Entscheidungen \u00fcber weltweite Reisen und ihre Mobilit\u00e4t treffen m\u00f6chten. Wir freuen uns, als eine zentrale Anlaufstelle f\u00fcr umfassende Informationen zu l\u00e4nderspezifischen Einreisebestimmungen f\u00fcr Passinhaber aus aller Welt angesehen zu werden. Vor allem hoffen wir, dass alle Passinhaber unabh\u00e4ngig von ihrer Herkunft VisaIndex.com zur Reiseplanung nutzen.<\/p>\n\n\n\n<div style=\"height:50px\" aria-hidden=\"true\" class=\"wp-block-spacer\"><\/div>\n\n\n\n<h2 class=\"wp-block-heading\" id=\"h-reisepass-ranking-wie-es-funktioniert\"><strong>Reisepass-Ranking: Wie es funktioniert<\/strong><\/h2>\n\n\n\n<p>Der Rang eines Reisepasses wird durch den Grad der Bewegungsfreiheit bestimmt, den er bietet. Je mehr L\u00e4nder ein Reisender ohne Visum betreten kann, desto st\u00e4rker ist sein Reisepass. Die am h\u00f6chsten bewerteten P\u00e4sse der Welt sind jene, die ihren Inhabern m\u00f6glichst viele visafreie Zutritte erm\u00f6glichen. Je mehr visafreie Zug\u00e4nge ein Reisepass erm\u00f6glicht, desto h\u00f6her ist sein Rang im Vergleich zu allen anderen Reisep\u00e4ssen.<\/p>\n\n\n\n<p>VisaIndex.com beurteilt den Rang eines Reisepasses, indem es die Anzahl der L\u00e4nder bestimmt, in die ein Inhaber ohne Visum einreisen darf. Wir bewerten jeden Reisepass nach dem Grad der gebotenen visafreien Zutritte, indem wir die Anzahl der L\u00e4nder berechnen, in die ein Inhaber des jeweiligen Reisepasses ohne Visum, mit Visum bei der Ankunft oder mit einer elektronischen Reisegenehmigung (eTA) einreisen kann.<\/p>\n\n\n\n<p>Zus\u00e4tzlich zur Bestimmung des Rangs nutzen wir all diese Informationen, um Ihnen als Reisenden transparente Daten zur Verf\u00fcgung zu stellen. So erfahren Sie nicht nur den Rang eines Reisepasses, sondern k\u00f6nnen seine jeweilige Position im Vergleich zu anderen L\u00e4ndern vergleichen. F\u00fcr jeden Reisepass listen wir die Anzahl der L\u00e4nder auf, zu denen Passinhaber folgenden Zugang haben:<\/p>\n\n\n\n<p>A. Visafreie Einreise<\/p>\n\n\n\n<p>B. Visum bei Ankunft<\/p>\n\n\n\n<p>C. Elektronische Reisegenehmigung (eTA)<\/p>\n\n\n\n<p>Abgesehen von der Auflistung der oben genannten Vorteile eines Reisepasses (visafreie Einreisen usw.) listen wir auch die L\u00e4nder auf, in denen ein Visum erforderlich ist (d. h. die L\u00e4nder, in denen Passinhaber im Voraus ein Visum beantragen m\u00fcssen). Dies beinhaltet auch L\u00e4nder, die ein E-Visum verlangen.<\/p>\n\n\n\n<div style=\"height:50px\" aria-hidden=\"true\" class=\"wp-block-spacer\"><\/div>\n\n\n\n<h2 class=\"wp-block-heading\" id=\"h-vision\"><strong>Vision<\/strong><\/h2>\n\n\n\n<p>Wir von VisaIndex.com stellen uns eine Welt vor, in der alle Reisenden sofortigen Zugriff auf eine zuverl\u00e4ssige Quelle f\u00fcr das Ranking von Reisep\u00e4ssen haben.<\/p>\n\n\n\n<div style=\"height:50px\" aria-hidden=\"true\" class=\"wp-block-spacer\"><\/div>\n\n\n\n<h2 class=\"wp-block-heading\" id=\"h-ziel\"><strong>Ziel<\/strong><\/h2>\n\n\n\n<p>Unsere Motivation besteht darin, die vertrauensw\u00fcrdigste Online-Plattform f\u00fcr weltweite Reisepass-Rankings und Visa-Informationen zu sein. Wir sind davon \u00fcberzeugt, dass unser Vertrauen auf die genauesten Daten und die sachkundigsten Experten zur Schaffung eines au\u00dfergew\u00f6hnlichen Rankingsystems gef\u00fchrt hat. Unser klares Format und unser unkompliziertes Design unterst\u00fctzen unser Bestreben, eine komplexe Thematik zu vereinfachen und Reisenden ein erstklassiges Benutzererlebnis zu bieten. Unser engagiertes Team achtet auf \u00c4nderungen der weltweiten Visabestimmung und aktualisiert unsere Webseite regelm\u00e4\u00dfig.<\/p>\n\n\n\n<div style=\"height:50px\" aria-hidden=\"true\" class=\"wp-block-spacer\"><\/div>\n\n\n\n<h2 class=\"wp-block-heading\" id=\"h-werte\"><strong>Werte<\/strong><\/h2>\n\n\n\n<p>VisaIndex.com ist stolz auf seine Grundwerte: Transparenz, Zuverl\u00e4ssigkeit und ethische Servicebereitstellung. Wir sind bestrebt, nur die relevantesten und aktuellsten Informationen zu verwenden, um ein vertrauensw\u00fcrdiges Ranking-System f\u00fcr Reisep\u00e4sse zu erstellen.<\/p>\n\n\n\n<div style=\"height:50px\" aria-hidden=\"true\" class=\"wp-block-spacer\"><\/div>\n\n\n\n<h2 class=\"wp-block-heading\" id=\"h-professionalitat-und-know-how\"><strong>Professionalit\u00e4t und Know-how<\/strong><\/h2>\n\n\n\n<p>VisaIndex.com zeichnet sich durch sein Visa- und Reisepass-Expertenteam aus. Gemeinsam verf\u00fcgen wir \u00fcber mehr als ein Jahrzehnt Erfahrung auf diesem Gebiet, was uns einzigartige Einblicke und Expertise verschafft.<\/p>\n\n\n\n<p><\/p>\n\n\n\n<p><\/p>\n","protected":false},"excerpt":{"rendered":"<p>Wer wir sind visaindex.com wird von Guide Consultants LLC betrieben. Dabei handelt es sich um einen weltweit f\u00fchrenden Anbieter von [&hellip;]<\/p>\n","protected":false},"author":16,"featured_media":0,"parent":0,"menu_order":0,"comment_status":"closed","ping_status":"closed","template":"","meta":{"_acf_changed":false,"inline_featured_image":false,"footnotes":""},"class_list":["post-54719","page","type-page","status-publish","hentry"],"acf":[],"yoast_head":"<!-- This site is optimized with the Yoast SEO Premium plugin v25.7.1 (Yoast SEO v25.7) - https:\/\/yoast.com\/wordpress\/plugins\/seo\/ -->\n<title>\u00dcber uns | visaindex.com<\/title>\n<meta name=\"description\" content=\"Wer wir sind visaindex.com wird von Guide Consultants LLC betrieben. Dabei handelt es sich um einen weltweit f\u00fchrenden Anbieter von Staatsb\u00fcrgerschaften\" \/>\n<meta name=\"robots\" content=\"index, follow, max-snippet:-1, max-image-preview:large, max-video-preview:-1\" \/>\n<link rel=\"canonical\" href=\"https:\/\/visaindex.com\/de\/wp-json\/wp\/v2\/pages\/54719\" \/>\n<meta property=\"og:locale\" content=\"de_DE\" \/>\n<meta property=\"og:type\" content=\"article\" \/>\n<meta property=\"og:title\" content=\"\u00dcber uns\" \/>\n<meta property=\"og:description\" content=\"Wer wir sind visaindex.com wird von Guide Consultants LLC betrieben. Dabei handelt es sich um einen weltweit f\u00fchrenden Anbieter von Staatsb\u00fcrgerschaften\" \/>\n<meta property=\"og:url\" content=\"https:\/\/visaindex.com\/de\/ueber-uns\/\" \/>\n<meta property=\"og:site_name\" content=\"VisaIndex.com\" \/>\n<meta property=\"article:publisher\" content=\"https:\/\/www.facebook.com\/visaindexglobal\" \/>\n<meta property=\"article:modified_time\" content=\"2023-07-16T18:57:13+00:00\" \/>\n<meta name=\"twitter:card\" content=\"summary_large_image\" \/>\n<meta name=\"twitter:site\" content=\"@VisaIndexGlobal\" \/>\n<meta name=\"twitter:label1\" content=\"Gesch\u00e4tzte Lesezeit\" \/>\n\t<meta name=\"twitter:data1\" content=\"3\u00a0Minuten\" \/>\n<script type=\"application\/ld+json\" class=\"yoast-schema-graph\">{\"@context\":\"https:\/\/schema.org\",\"@graph\":[{\"@type\":\"WebPage\",\"@id\":\"https:\/\/visaindex.com\/de\/ueber-uns\/\",\"url\":\"https:\/\/visaindex.com\/de\/ueber-uns\/\",\"name\":\"\u00dcber uns | visaindex.com\",\"isPartOf\":{\"@id\":\"https:\/\/visaindex.com\/de\/#website\"},\"datePublished\":\"2020-11-09T01:06:02+00:00\",\"dateModified\":\"2023-07-16T18:57:13+00:00\",\"description\":\"Wer wir sind visaindex.com wird von Guide Consultants LLC betrieben. Dabei handelt es sich um einen weltweit f\u00fchrenden Anbieter von Staatsb\u00fcrgerschaften\",\"breadcrumb\":{\"@id\":\"https:\/\/visaindex.com\/de\/ueber-uns\/#breadcrumb\"},\"inLanguage\":\"de\",\"potentialAction\":[{\"@type\":\"ReadAction\",\"target\":[\"https:\/\/visaindex.com\/de\/ueber-uns\/\"]}]},{\"@type\":\"BreadcrumbList\",\"@id\":\"https:\/\/visaindex.com\/de\/ueber-uns\/#breadcrumb\",\"itemListElement\":[{\"@type\":\"ListItem\",\"position\":1,\"name\":\"Home\",\"item\":\"https:\/\/visaindex.com\/de\/\"},{\"@type\":\"ListItem\",\"position\":2,\"name\":\"\u00dcber uns\"}]},{\"@type\":\"WebSite\",\"@id\":\"https:\/\/visaindex.com\/de\/#website\",\"url\":\"https:\/\/visaindex.com\/de\/\",\"name\":\"Passport Index 2026 | visaindex.com\",\"description\":\"visaindex.com ist ein zentrales Portal f\u00fcr Informationen zum Reisepass-Ranking und zu visafreien Reisem\u00f6glichkeiten.\",\"publisher\":{\"@id\":\"https:\/\/visaindex.com\/de\/#organization\"},\"alternateName\":\"visaindex.com\",\"potentialAction\":[{\"@type\":\"SearchAction\",\"target\":{\"@type\":\"EntryPoint\",\"urlTemplate\":\"https:\/\/visaindex.com\/de\/?s={search_term_string}\"},\"query-input\":{\"@type\":\"PropertyValueSpecification\",\"valueRequired\":true,\"valueName\":\"search_term_string\"}}],\"inLanguage\":\"de\"},{\"@type\":\"Organization\",\"@id\":\"https:\/\/visaindex.com\/de\/#organization\",\"name\":\"visaindex.com\",\"url\":\"https:\/\/visaindex.com\/de\/\",\"logo\":{\"@type\":\"ImageObject\",\"inLanguage\":\"de\",\"@id\":\"https:\/\/visaindex.com\/de\/#\/schema\/logo\/image\/\",\"url\":\"https:\/\/visaindex.s3-accelerate.amazonaws.com\/wp-content\/uploads\/2022\/11\/23232331\/VisaIndex.svg\",\"contentUrl\":\"https:\/\/visaindex.s3-accelerate.amazonaws.com\/wp-content\/uploads\/2022\/11\/23232331\/VisaIndex.svg\",\"caption\":\"visaindex.com\"},\"image\":{\"@id\":\"https:\/\/visaindex.com\/de\/#\/schema\/logo\/image\/\"},\"sameAs\":[\"https:\/\/www.facebook.com\/visaindexglobal\",\"https:\/\/x.com\/VisaIndexGlobal\",\"https:\/\/www.instagram.com\/visaindex\/\"]}]}<\/script>\n<!-- \/ Yoast SEO Premium plugin. -->","yoast_head_json":{"title":"\u00dcber uns | visaindex.com","description":"Wer wir sind visaindex.com wird von Guide Consultants LLC betrieben. Dabei handelt es sich um einen weltweit f\u00fchrenden Anbieter von Staatsb\u00fcrgerschaften","robots":{"index":"index","follow":"follow","max-snippet":"max-snippet:-1","max-image-preview":"max-image-preview:large","max-video-preview":"max-video-preview:-1"},"canonical":"https:\/\/visaindex.com\/de\/wp-json\/wp\/v2\/pages\/54719","og_locale":"de_DE","og_type":"article","og_title":"\u00dcber uns","og_description":"Wer wir sind visaindex.com wird von Guide Consultants LLC betrieben. Dabei handelt es sich um einen weltweit f\u00fchrenden Anbieter von Staatsb\u00fcrgerschaften","og_url":"https:\/\/visaindex.com\/de\/ueber-uns\/","og_site_name":"VisaIndex.com","article_publisher":"https:\/\/www.facebook.com\/visaindexglobal","article_modified_time":"2023-07-16T18:57:13+00:00","twitter_card":"summary_large_image","twitter_site":"@VisaIndexGlobal","twitter_misc":{"Gesch\u00e4tzte Lesezeit":"3\u00a0Minuten"},"schema":{"@context":"https:\/\/schema.org","@graph":[{"@type":"WebPage","@id":"https:\/\/visaindex.com\/de\/ueber-uns\/","url":"https:\/\/visaindex.com\/de\/ueber-uns\/","name":"\u00dcber uns | visaindex.com","isPartOf":{"@id":"https:\/\/visaindex.com\/de\/#website"},"datePublished":"2020-11-09T01:06:02+00:00","dateModified":"2023-07-16T18:57:13+00:00","description":"Wer wir sind visaindex.com wird von Guide Consultants LLC betrieben. Dabei handelt es sich um einen weltweit f\u00fchrenden Anbieter von Staatsb\u00fcrgerschaften","breadcrumb":{"@id":"https:\/\/visaindex.com\/de\/ueber-uns\/#breadcrumb"},"inLanguage":"de","potentialAction":[{"@type":"ReadAction","target":["https:\/\/visaindex.com\/de\/ueber-uns\/"]}]},{"@type":"BreadcrumbList","@id":"https:\/\/visaindex.com\/de\/ueber-uns\/#breadcrumb","itemListElement":[{"@type":"ListItem","position":1,"name":"Home","item":"https:\/\/visaindex.com\/de\/"},{"@type":"ListItem","position":2,"name":"\u00dcber uns"}]},{"@type":"WebSite","@id":"https:\/\/visaindex.com\/de\/#website","url":"https:\/\/visaindex.com\/de\/","name":"Passport Index 2026 | visaindex.com","description":"visaindex.com ist ein zentrales Portal f\u00fcr Informationen zum Reisepass-Ranking und zu visafreien Reisem\u00f6glichkeiten.","publisher":{"@id":"https:\/\/visaindex.com\/de\/#organization"},"alternateName":"visaindex.com","potentialAction":[{"@type":"SearchAction","target":{"@type":"EntryPoint","urlTemplate":"https:\/\/visaindex.com\/de\/?s={search_term_string}"},"query-input":{"@type":"PropertyValueSpecification","valueRequired":true,"valueName":"search_term_string"}}],"inLanguage":"de"},{"@type":"Organization","@id":"https:\/\/visaindex.com\/de\/#organization","name":"visaindex.com","url":"https:\/\/visaindex.com\/de\/","logo":{"@type":"ImageObject","inLanguage":"de","@id":"https:\/\/visaindex.com\/de\/#\/schema\/logo\/image\/","url":"https:\/\/visaindex.s3-accelerate.amazonaws.com\/wp-content\/uploads\/2022\/11\/23232331\/VisaIndex.svg","contentUrl":"https:\/\/visaindex.s3-accelerate.amazonaws.com\/wp-content\/uploads\/2022\/11\/23232331\/VisaIndex.svg","caption":"visaindex.com"},"image":{"@id":"https:\/\/visaindex.com\/de\/#\/schema\/logo\/image\/"},"sameAs":["https:\/\/www.facebook.com\/visaindexglobal","https:\/\/x.com\/VisaIndexGlobal","https:\/\/www.instagram.com\/visaindex\/"]}]}},"_links":{"self":[{"href":"https:\/\/visaindex.com\/de\/wp-json\/wp\/v2\/pages\/54719","targetHints":{"allow":["GET"]}}],"collection":[{"href":"https:\/\/visaindex.com\/de\/wp-json\/wp\/v2\/pages"}],"about":[{"href":"https:\/\/visaindex.com\/de\/wp-json\/wp\/v2\/types\/page"}],"author":[{"embeddable":true,"href":"https:\/\/visaindex.com\/de\/wp-json\/wp\/v2\/users\/16"}],"replies":[{"embeddable":true,"href":"https:\/\/visaindex.com\/de\/wp-json\/wp\/v2\/comments?post=54719"}],"version-history":[{"count":1,"href":"https:\/\/visaindex.com\/de\/wp-json\/wp\/v2\/pages\/54719\/revisions"}],"predecessor-version":[{"id":54724,"href":"https:\/\/visaindex.com\/de\/wp-json\/wp\/v2\/pages\/54719\/revisions\/54724"}],"wp:attachment":[{"href":"https:\/\/visaindex.com\/de\/wp-json\/wp\/v2\/media?parent=54719"}],"curies":[{"name":"wp","href":"https:\/\/api.w.org\/{rel}","templated":true}]}}