{"id":28798,"date":"2020-11-09T05:06:02","date_gmt":"2020-11-09T01:06:02","guid":{"rendered":"https:\/\/visaindex.com\/about-us\/"},"modified":"2025-10-26T19:09:51","modified_gmt":"2025-10-26T15:09:51","slug":"about-us","status":"publish","type":"page","link":"https:\/\/visaindex.com\/es\/about-us\/","title":{"rendered":"Sobre nosotros"},"content":{"rendered":"\r\n<h2 class=\"wp-block-heading\" id=\"h-who-we-are\">Qui\u00e9nes somos<\/h2>\r\n\r\n<p>&nbsp;<\/p>\r\n\r\n<p>VisaIndex.com<em> pertenece y es operado por Guide Consultants, un l\u00edder mundial en la obtenci\u00f3n de ciudadan\u00eda y residencia econ\u00f3mica a trav\u00e9s de programas de inversi\u00f3n.<\/em><\/p>\r\n\r\n\r\n\r\n<p>VisaIndex.com fue creado con el objetivo de proporcionar una plataforma online para actualizar al m\u00e1ximo el ranking de los pasaportes mundiales. Nuestro equipo experto utiliza los datos m\u00e1s fiables, procedentes de las fuentes m\u00e1s prestigiosas para recopilar el ranking accesible de todos los pasaportes del mundo. Concebimos VisaIndex.com como una plataforma valiosa para cualquiera que desee tomar decisiones documentadas sobre la movilidad y los viajes en el mundo. Esperamos evolucionar y convertirnos en el \u00fanico lugar donde obtener la informaci\u00f3n m\u00e1s exhaustiva con respecto a los requisitos de entrada espec\u00edficos de los pa\u00edses en todo el globo. Y, por encima de todo, es nuestra Esperanza que todos los titulares de pasaportes, dondequiera que provengan, utilicen VisaIndex.com para lograr un viaje m\u00e1s inteligente.<\/p>\r\n\r\n\r\n\r\n<div class=\"wp-block-spacer\" style=\"height: 50px;\" aria-hidden=\"true\">\u00a0<\/div>\r\n\r\n\r\n\r\n<h2 class=\"wp-block-heading\" id=\"h-passports-ranking-system-how-it-works\">Sistema de ranking de pasaportes: C\u00f3mo funciona<\/h2>\r\n\r\n\r\n\r\n<p>El ranking de los pasaportes se determina por el grado de Libertad de movimiento que proporciona; cuantos m\u00e1s pa\u00edses pueda acceder el viajero sin visado, mayor poder tendr\u00e1 el pasaporte. Los pasaportes clasificados con el mayor ranking en el mundo son aquellos que proporcionan el m\u00e1ximo acceso \u201csin visado\u201d a sus titulares; cuantos m\u00e1s accesos sin visado permita el pasaporte, mayor ser\u00e1 su rankings en relaci\u00f3n con el resto de los pasaportes.<\/p>\r\n\r\n\r\n\r\n<p>VisaIndex.com eval\u00faa el ranking del pasaporte cuantificando el n\u00famero de pa\u00edses a los que el titular puede entrar sin visado. Evaluamos cada pasaporte de acuerdo con el grado de acceso que proporciona calculando el n\u00famero de pa\u00edses a los que el titular puede acceder sin visado, con visado a la llegada o con una Autorizaci\u00f3n de Viaje Electr\u00f3nica (eTA, por sus siglas en ingl\u00e9s).<\/p>\r\n\r\n\r\n\r\n<p>Adem\u00e1s de utilizar toda esta informaci\u00f3n para evaluar el ranking del pasaporte, se lo mostramos de manera transparente a usted: el viajero. A la vez que conoce el ranking del pasaporte, tambi\u00e9n puede consultar los datos detr\u00e1s de su respectiva posici\u00f3n en relaci\u00f3n con otros pa\u00edses. Para cada pasaporte, enumeramos el n\u00famero de pa\u00edses en los que los titulares de su pasaporte disfrutan del siguiente acceso:<\/p>\r\n\r\n\r\n\r\n<p>A. Sin visado<br \/>B. Visado a la llegada<br \/>C. eTA<\/p>\r\n\r\n\r\n\r\n<p>Adem\u00e1s de enumerar los beneficios anteriores de un pasaporte (acceso sin visado, etc.), tambi\u00e9n determinamos los pa\u00edses con \u201cVisado obligatorio\u201d (es decir, los pa\u00edses que requieren la obtenci\u00f3n del visado con antelaci\u00f3n por parte de los titulares del pasaporte), incluyendo los pa\u00edses que requieren la solicitud del visado online.<\/p>\r\n\r\n\r\n\r\n<div class=\"wp-block-spacer\" style=\"height: 50px;\" aria-hidden=\"true\">\u00a0<\/div>\r\n\r\n\r\n\r\n<h2 class=\"wp-block-heading\" id=\"h-vision\">Visi\u00f3n<\/h2>\r\n\r\n\r\n\r\n<p><em>En VisaIndex.com, concebimos un mundo en el que todos los viajeros tienen acceso instant\u00e1neo a una fuente fiable que muestra el ranking de los pasaportes.<\/em><\/p>\r\n\r\n\r\n\r\n<div class=\"wp-block-spacer\" style=\"height: 50px;\" aria-hidden=\"true\">\u00a0<\/div>\r\n\r\n\r\n\r\n<h2 class=\"wp-block-heading\" id=\"h-goal\">Objetivo<\/h2>\r\n\r\n\r\n\r\n<p>VisaIndex.com est\u00e1 motivado con el objetivo de convertirse en la fuente online m\u00e1s fiable con respecto al ranking de los pasaportes mundiales. Estamos seguros de que nuestra fiabilidad en los datos m\u00e1s precisos y en los expertos m\u00e1s experimentados ha llevado a la creaci\u00f3n de un sistema de ranking excepcional. Nuestro claro formato y esquema directo de presentaci\u00f3n confirma nuestra ambici\u00f3n de simplificar una metodolog\u00eda compleja, proporcionando una experiencia superior a los viajeros. Nuestro equipo especializado presta especial atenci\u00f3n a los cambios en el ranking de los pasaportes mundiales y en el r\u00e9gimen de visados para actualizar nuestra p\u00e1gina web de manera regular.<\/p>\r\n\r\n\r\n\r\n<div class=\"wp-block-spacer\" style=\"height: 50px;\" aria-hidden=\"true\">\u00a0<\/div>\r\n\r\n\r\n\r\n<h2 class=\"wp-block-heading\" id=\"h-values\">Valores<\/h2>\r\n\r\n\r\n\r\n<p>VisaIndex.com se enorgullece de operar de acuerdo con sus valores esenciales de transparencia, fiabilidad y servicio \u00e9tico. Nos comprometemos a utilizar solo la informaci\u00f3n m\u00e1s relevante y actualizada para crear un sistema de ranking de pasaportes de confianza.<\/p>\r\n\r\n\r\n\r\n<div class=\"wp-block-spacer\" style=\"height: 50px;\" aria-hidden=\"true\">\u00a0<\/div>\r\n\r\n\r\n\r\n<h2 class=\"wp-block-heading\" id=\"h-professionalism-and-expertise\">Profesionalismo y conocimiento<\/h2>\r\n\r\n\r\n\r\n<p>VisaIndex.com se diferencia por su equipo selecto de expertos en visados y pasaportes. Juntos, reunimos m\u00e1s de una d\u00e9cada de experiencia en este campo, proporcion\u00e1ndonos una perspectiva y conocimientos \u00fanicos.<\/p>\r\n\r\n\r\n\r\n<div class=\"wp-block-spacer\" style=\"height: 50px;\" aria-hidden=\"true\">\u00a0<\/div>\r\n","protected":false},"excerpt":{"rendered":"<p>Qui\u00e9nes somos &nbsp; VisaIndex.com pertenece y es operado por Guide Consultants, un l\u00edder mundial en la obtenci\u00f3n de ciudadan\u00eda y [&hellip;]<\/p>\n","protected":false},"author":3,"featured_media":0,"parent":0,"menu_order":0,"comment_status":"closed","ping_status":"closed","template":"","meta":{"_acf_changed":false,"inline_featured_image":false,"footnotes":""},"class_list":["post-28798","page","type-page","status-publish","hentry"],"acf":[],"yoast_head":"<!-- This site is optimized with the Yoast SEO Premium plugin v25.7.1 (Yoast SEO v25.7) - https:\/\/yoast.com\/wordpress\/plugins\/seo\/ -->\n<title>Sobre nosotros | Ranking de pasaportes 2026<\/title>\n<meta name=\"description\" content=\"Qui\u00e9nes somos: VisaIndex.com pertenece y es operado por Guide Consultants, un l\u00edder mundial en ciudadan\u00edas y residencias originadas por programas de inversi\u00f3n econ\u00f3mica.\" \/>\n<meta name=\"robots\" content=\"index, follow, max-snippet:-1, max-image-preview:large, max-video-preview:-1\" \/>\n<link rel=\"canonical\" href=\"https:\/\/visaindex.com\/es\/wp-json\/wp\/v2\/pages\/28798\" \/>\n<meta property=\"og:locale\" content=\"es_ES\" \/>\n<meta property=\"og:type\" content=\"article\" \/>\n<meta property=\"og:title\" content=\"Sobre nosotros\" \/>\n<meta property=\"og:description\" content=\"Qui\u00e9nes somos &nbsp; VisaIndex.com pertenece y es operado por Guide Consultants, un l\u00edder mundial en la obtenci\u00f3n de ciudadan\u00eda y residencia econ\u00f3mica a\" \/>\n<meta property=\"og:url\" content=\"https:\/\/visaindex.com\/es\/about-us\/\" \/>\n<meta property=\"og:site_name\" content=\"VisaIndex.com\" \/>\n<meta property=\"article:publisher\" content=\"https:\/\/www.facebook.com\/visaindexglobal\" \/>\n<meta property=\"article:modified_time\" content=\"2025-10-26T15:09:51+00:00\" \/>\n<meta name=\"twitter:card\" content=\"summary_large_image\" \/>\n<meta name=\"twitter:site\" content=\"@VisaIndexGlobal\" \/>\n<meta name=\"twitter:label1\" content=\"Tiempo de lectura\" \/>\n\t<meta name=\"twitter:data1\" content=\"3 minutos\" \/>\n<script type=\"application\/ld+json\" class=\"yoast-schema-graph\">{\"@context\":\"https:\/\/schema.org\",\"@graph\":[{\"@type\":\"WebPage\",\"@id\":\"https:\/\/visaindex.com\/es\/about-us\/\",\"url\":\"https:\/\/visaindex.com\/es\/about-us\/\",\"name\":\"Sobre nosotros | Ranking de pasaportes 2026\",\"isPartOf\":{\"@id\":\"https:\/\/visaindex.com\/es\/#website\"},\"datePublished\":\"2020-11-09T01:06:02+00:00\",\"dateModified\":\"2025-10-26T15:09:51+00:00\",\"description\":\"Qui\u00e9nes somos: VisaIndex.com pertenece y es operado por Guide Consultants, un l\u00edder mundial en ciudadan\u00edas y residencias originadas por programas de inversi\u00f3n econ\u00f3mica.\",\"breadcrumb\":{\"@id\":\"https:\/\/visaindex.com\/es\/about-us\/#breadcrumb\"},\"inLanguage\":\"es\",\"potentialAction\":[{\"@type\":\"ReadAction\",\"target\":[\"https:\/\/visaindex.com\/es\/about-us\/\"]}]},{\"@type\":\"BreadcrumbList\",\"@id\":\"https:\/\/visaindex.com\/es\/about-us\/#breadcrumb\",\"itemListElement\":[{\"@type\":\"ListItem\",\"position\":1,\"name\":\"Home\",\"item\":\"https:\/\/visaindex.com\/es\/\"},{\"@type\":\"ListItem\",\"position\":2,\"name\":\"Sobre nosotros\"}]},{\"@type\":\"WebSite\",\"@id\":\"https:\/\/visaindex.com\/es\/#website\",\"url\":\"https:\/\/visaindex.com\/es\/\",\"name\":\"Passport Index 2026 | visaindex.com\",\"description\":\"Visaindex.com es un portal centralizado con toda la informaci\u00f3n relacionada con el ranking de los pasaportes y las oportunidades de viajar sin visado.\",\"publisher\":{\"@id\":\"https:\/\/visaindex.com\/es\/#organization\"},\"alternateName\":\"visaindex.com\",\"potentialAction\":[{\"@type\":\"SearchAction\",\"target\":{\"@type\":\"EntryPoint\",\"urlTemplate\":\"https:\/\/visaindex.com\/es\/?s={search_term_string}\"},\"query-input\":{\"@type\":\"PropertyValueSpecification\",\"valueRequired\":true,\"valueName\":\"search_term_string\"}}],\"inLanguage\":\"es\"},{\"@type\":\"Organization\",\"@id\":\"https:\/\/visaindex.com\/es\/#organization\",\"name\":\"visaindex.com\",\"url\":\"https:\/\/visaindex.com\/es\/\",\"logo\":{\"@type\":\"ImageObject\",\"inLanguage\":\"es\",\"@id\":\"https:\/\/visaindex.com\/es\/#\/schema\/logo\/image\/\",\"url\":\"https:\/\/visaindex.s3-accelerate.amazonaws.com\/wp-content\/uploads\/2022\/11\/23232331\/VisaIndex.svg\",\"contentUrl\":\"https:\/\/visaindex.s3-accelerate.amazonaws.com\/wp-content\/uploads\/2022\/11\/23232331\/VisaIndex.svg\",\"caption\":\"visaindex.com\"},\"image\":{\"@id\":\"https:\/\/visaindex.com\/es\/#\/schema\/logo\/image\/\"},\"sameAs\":[\"https:\/\/www.facebook.com\/visaindexglobal\",\"https:\/\/x.com\/VisaIndexGlobal\",\"https:\/\/www.instagram.com\/visaindex\/\"]}]}<\/script>\n<!-- \/ Yoast SEO Premium plugin. -->","yoast_head_json":{"title":"Sobre nosotros | Ranking de pasaportes 2026","description":"Qui\u00e9nes somos: VisaIndex.com pertenece y es operado por Guide Consultants, un l\u00edder mundial en ciudadan\u00edas y residencias originadas por programas de inversi\u00f3n econ\u00f3mica.","robots":{"index":"index","follow":"follow","max-snippet":"max-snippet:-1","max-image-preview":"max-image-preview:large","max-video-preview":"max-video-preview:-1"},"canonical":"https:\/\/visaindex.com\/es\/wp-json\/wp\/v2\/pages\/28798","og_locale":"es_ES","og_type":"article","og_title":"Sobre nosotros","og_description":"Qui\u00e9nes somos &nbsp; VisaIndex.com pertenece y es operado por Guide Consultants, un l\u00edder mundial en la obtenci\u00f3n de ciudadan\u00eda y residencia econ\u00f3mica a","og_url":"https:\/\/visaindex.com\/es\/about-us\/","og_site_name":"VisaIndex.com","article_publisher":"https:\/\/www.facebook.com\/visaindexglobal","article_modified_time":"2025-10-26T15:09:51+00:00","twitter_card":"summary_large_image","twitter_site":"@VisaIndexGlobal","twitter_misc":{"Tiempo de lectura":"3 minutos"},"schema":{"@context":"https:\/\/schema.org","@graph":[{"@type":"WebPage","@id":"https:\/\/visaindex.com\/es\/about-us\/","url":"https:\/\/visaindex.com\/es\/about-us\/","name":"Sobre nosotros | Ranking de pasaportes 2026","isPartOf":{"@id":"https:\/\/visaindex.com\/es\/#website"},"datePublished":"2020-11-09T01:06:02+00:00","dateModified":"2025-10-26T15:09:51+00:00","description":"Qui\u00e9nes somos: VisaIndex.com pertenece y es operado por Guide Consultants, un l\u00edder mundial en ciudadan\u00edas y residencias originadas por programas de inversi\u00f3n econ\u00f3mica.","breadcrumb":{"@id":"https:\/\/visaindex.com\/es\/about-us\/#breadcrumb"},"inLanguage":"es","potentialAction":[{"@type":"ReadAction","target":["https:\/\/visaindex.com\/es\/about-us\/"]}]},{"@type":"BreadcrumbList","@id":"https:\/\/visaindex.com\/es\/about-us\/#breadcrumb","itemListElement":[{"@type":"ListItem","position":1,"name":"Home","item":"https:\/\/visaindex.com\/es\/"},{"@type":"ListItem","position":2,"name":"Sobre nosotros"}]},{"@type":"WebSite","@id":"https:\/\/visaindex.com\/es\/#website","url":"https:\/\/visaindex.com\/es\/","name":"Passport Index 2026 | visaindex.com","description":"Visaindex.com es un portal centralizado con toda la informaci\u00f3n relacionada con el ranking de los pasaportes y las oportunidades de viajar sin visado.","publisher":{"@id":"https:\/\/visaindex.com\/es\/#organization"},"alternateName":"visaindex.com","potentialAction":[{"@type":"SearchAction","target":{"@type":"EntryPoint","urlTemplate":"https:\/\/visaindex.com\/es\/?s={search_term_string}"},"query-input":{"@type":"PropertyValueSpecification","valueRequired":true,"valueName":"search_term_string"}}],"inLanguage":"es"},{"@type":"Organization","@id":"https:\/\/visaindex.com\/es\/#organization","name":"visaindex.com","url":"https:\/\/visaindex.com\/es\/","logo":{"@type":"ImageObject","inLanguage":"es","@id":"https:\/\/visaindex.com\/es\/#\/schema\/logo\/image\/","url":"https:\/\/visaindex.s3-accelerate.amazonaws.com\/wp-content\/uploads\/2022\/11\/23232331\/VisaIndex.svg","contentUrl":"https:\/\/visaindex.s3-accelerate.amazonaws.com\/wp-content\/uploads\/2022\/11\/23232331\/VisaIndex.svg","caption":"visaindex.com"},"image":{"@id":"https:\/\/visaindex.com\/es\/#\/schema\/logo\/image\/"},"sameAs":["https:\/\/www.facebook.com\/visaindexglobal","https:\/\/x.com\/VisaIndexGlobal","https:\/\/www.instagram.com\/visaindex\/"]}]}},"_links":{"self":[{"href":"https:\/\/visaindex.com\/es\/wp-json\/wp\/v2\/pages\/28798","targetHints":{"allow":["GET"]}}],"collection":[{"href":"https:\/\/visaindex.com\/es\/wp-json\/wp\/v2\/pages"}],"about":[{"href":"https:\/\/visaindex.com\/es\/wp-json\/wp\/v2\/types\/page"}],"author":[{"embeddable":true,"href":"https:\/\/visaindex.com\/es\/wp-json\/wp\/v2\/users\/3"}],"replies":[{"embeddable":true,"href":"https:\/\/visaindex.com\/es\/wp-json\/wp\/v2\/comments?post=28798"}],"version-history":[{"count":1,"href":"https:\/\/visaindex.com\/es\/wp-json\/wp\/v2\/pages\/28798\/revisions"}],"predecessor-version":[{"id":69940,"href":"https:\/\/visaindex.com\/es\/wp-json\/wp\/v2\/pages\/28798\/revisions\/69940"}],"wp:attachment":[{"href":"https:\/\/visaindex.com\/es\/wp-json\/wp\/v2\/media?parent=28798"}],"curies":[{"name":"wp","href":"https:\/\/api.w.org\/{rel}","templated":true}]}}