{"id":25657,"date":"2020-11-09T05:06:02","date_gmt":"2020-11-09T01:06:02","guid":{"rendered":"https:\/\/visaindex.codebase-product.com\/about-us\/"},"modified":"2025-10-26T19:13:47","modified_gmt":"2025-10-26T15:13:47","slug":"about-us","status":"publish","type":"page","link":"https:\/\/visaindex.com\/fr\/about-us\/","title":{"rendered":"A propos de nous"},"content":{"rendered":"\n<h2 class=\"wp-block-heading\" id=\"h-qui-sommes-nous\"><strong>Qui sommes-nous<\/strong><\/h2>\n\n\n\n<p>VisaIndex.com est d\u00e9tenu et exploit\u00e9 par Guide Consultants, leader mondial des programmes de citoyennet\u00e9 \u00e9conomique et de r\u00e9sidence par investissement.<\/p>\n\n\n\n<p>VisaIndex.com a \u00e9t\u00e9 lanc\u00e9 dans le but d\u2019offrir une plateforme en ligne pour le classement mondial des passeports le plus \u00e0 jour du march\u00e9. Notre \u00e9quipe d&rsquo;experts se base sur les donn\u00e9es les plus fiables, issues des destinations les plus r\u00e9put\u00e9es, pour \u00e9tablir un classement accessible de tous les passeports du monde. Nous envisageons VisaIndex.com comme une plate-forme pr\u00e9cieuse pour tous ceux qui cherchent \u00e0 prendre des d\u00e9cisions \u00e9clair\u00e9es sur les voyages et la mobilit\u00e9 dans le monde. Nous sommes impatients de nous convertir en une destination unique pour obtenir des informations compl\u00e8tes sur les conditions d&rsquo;entr\u00e9e dans les diff\u00e9rents pays pour les d\u00e9tenteurs de passeports du monde entier. Et surtout, nous esp\u00e9rons que tous les d\u00e9tenteurs d\u2019un passeport, d&rsquo;o\u00f9 qu&rsquo;ils viennent, utiliseront VisaIndex.com pour voyager de mani\u00e8re plus intelligente.<\/p>\n\n\n\n<div style=\"height:50px\" aria-hidden=\"true\" class=\"wp-block-spacer\"><\/div>\n\n\n\n<h2 class=\"wp-block-heading\" id=\"h-systeme-de-classement-des-passeports-comment-ca-marche\"><strong>Syst\u00e8me de classement des passeports : Comment \u00e7a marche<\/strong><\/h2>\n\n\n\n<p>Le classement d&rsquo;un passeport est d\u00e9termin\u00e9 par le degr\u00e9 de libert\u00e9 de circulation qu&rsquo;il offre ; plus le nombre de pays accessibles sans visa \u00e0 un voyageur est \u00e9lev\u00e9, plus son passeport est puissant. Les passeports les mieux class\u00e9s au monde sont ceux qui offrent le plus d&rsquo;acc\u00e8s \u00ab&nbsp;sans visa&nbsp;\u00bb \u00e0 leurs d\u00e9tenteurs ; plus l&rsquo;acc\u00e8s sans visa est important, plus le passeport est bien class\u00e9 par rapport \u00e0 tous les autres passeports existants.<\/p>\n\n\n\n<p>VisaIndex.com \u00e9value le classement d&rsquo;un passeport en quantifiant le nombre de pays dans lesquels son titulaire peut entrer sans visa. Nous \u00e9valuons chaque passeport selon le degr\u00e9 d&rsquo;acc\u00e8s qu&rsquo;il offre en calculant le nombre de pays dans lesquels le d\u00e9tenteur dudit passeport peut entrer sans visa, avec un visa \u00e0 l&rsquo;arriv\u00e9e, et avec une autorisation de voyage \u00e9lectronique (eTA ou AVE).<\/p>\n\n\n\n<p>En plus d&rsquo;utiliser toutes ces informations pour \u00e9valuer le classement des passeports, nous les mettons \u00e9galement \u00e0 votre disposition, le voyageur, en toute transparence. En d\u00e9couvrant le classement d&rsquo;un passeport, vous pouvez \u00e9galement consulter les donn\u00e9es qui justifient sa position respective par rapport aux autres pays. Pour chaque passeport, nous indiquons le nombre de pays auxquels les d\u00e9tenteurs du passeport ont acc\u00e8s :<\/p>\n\n\n\n<p>A. Sans visa<\/p>\n\n\n\n<p>B. Avec un visa \u00e0 l&rsquo;arriv\u00e9e<\/p>\n\n\n\n<p>C. Avec une eTA (ou AVE)<\/p>\n\n\n\n<p>Outre la liste des avantages du passeport ci-dessus (acc\u00e8s sans visa, etc.), nous \u00e9num\u00e9rons \u00e9galement les pays pour lesquels un visa est requis (c&rsquo;est-\u00e0-dire les pays pour lesquels les d\u00e9tenteurs du passeport doivent obtenir un visa \u00e0 l&rsquo;avance), y compris les pays qui exigent une demande de visa en ligne.<\/p>\n\n\n\n<div style=\"height:50px\" aria-hidden=\"true\" class=\"wp-block-spacer\"><\/div>\n\n\n\n<h2 class=\"wp-block-heading\" id=\"h-vision\">Vision<\/h2>\n\n\n\n<p><em>At VisaIndex, we envision a Chez VisaIndex.com, nous envisageons un monde dans lequel tous les voyageurs ont un acc\u00e8s imm\u00e9diat \u00e0 une source fiable pour le classement des passeports. in which all travelers have instant access to a reliable source for passports ranking.<\/em><\/p>\n\n\n\n<div style=\"height:50px\" aria-hidden=\"true\" class=\"wp-block-spacer\"><\/div>\n\n\n\n<h2 class=\"wp-block-heading\" id=\"h-objectif\"><strong>Objectif<\/strong><\/h2>\n\n\n\n<p>VisaIndex is motivated by the goal of stanVisaIndex.com vise \u00e0 devenir la destination en ligne la plus fiable pour le classement mondial des passeports. Nous sommes convaincus que notre confiance en les donn\u00e9es les plus pr\u00e9cises et experts les plus comp\u00e9tents nous a permis de cr\u00e9er un syst\u00e8me de classement d\u2019exception. La clart\u00e9 de notre format et la simplicit\u00e9 de notre pr\u00e9sentation renforcent notre ambition de simplifier une m\u00e9thodologie complexe, offrant une exp\u00e9rience utilisateur sup\u00e9rieure aux voyageurs. Notre \u00e9quipe sp\u00e9cialis\u00e9e suit de pr\u00e8s l&rsquo;\u00e9volution du classement mondial des passeports et du r\u00e9gime des visas, et met r\u00e9guli\u00e8rement \u00e0 jour notre site Web.<\/p>\n\n\n\n<div style=\"height:50px\" aria-hidden=\"true\" class=\"wp-block-spacer\"><\/div>\n\n\n\n<h2 class=\"wp-block-heading\" id=\"h-valeurs\"><strong>Valeurs<\/strong><\/h2>\n\n\n\n<p>VisaIndex.com est fier de ses valeurs fondamentales de transparence, de fiabilit\u00e9 et de prestation de services \u00e9thiques. Nous nous engageons \u00e0 utiliser uniquement les informations les plus pertinentes et les plus r\u00e9centes pour \u00e9tablir un syst\u00e8me de classement des passeports digne de confiance.<\/p>\n\n\n\n<div style=\"height:50px\" aria-hidden=\"true\" class=\"wp-block-spacer\"><\/div>\n\n\n\n<h2 class=\"wp-block-heading\" id=\"h-professionnalisme-et-expertise\"><strong>Professionnalisme et expertise<\/strong><\/h2>\n\n\n\n<p>VisaIndex.com se distingue par son \u00e9quipe s\u00e9lectionn\u00e9e d&rsquo;experts en mati\u00e8re de visas et passeports. Ensemble, nous sommes forts de plus de dix ans d&rsquo;exp\u00e9rience dans ce secteur, ce qui nous apporte des connaissances et une expertise uniques.<\/p>\n\n\n\n<div style=\"height:50px\" aria-hidden=\"true\" class=\"wp-block-spacer\"><\/div>\n","protected":false},"excerpt":{"rendered":"<p>Qui sommes-nous VisaIndex.com est d\u00e9tenu et exploit\u00e9 par Guide Consultants, leader mondial des programmes de citoyennet\u00e9 \u00e9conomique et de r\u00e9sidence [&hellip;]<\/p>\n","protected":false},"author":3,"featured_media":0,"parent":0,"menu_order":0,"comment_status":"closed","ping_status":"closed","template":"","meta":{"_acf_changed":false,"inline_featured_image":false,"footnotes":""},"class_list":["post-25657","page","type-page","status-publish","hentry"],"acf":[],"yoast_head":"<!-- This site is optimized with the Yoast SEO Premium plugin v25.7.1 (Yoast SEO v25.7) - https:\/\/yoast.com\/wordpress\/plugins\/seo\/ -->\n<title>A propos de nous | Passports Ranking 2026<\/title>\n<meta name=\"description\" content=\"Qui sommes-nous VisaIndex.com est d\u00e9tenu et exploit\u00e9 par Guide Consultants, leader mondial des programmes de citoyennet\u00e9 \u00e9conomique et de r\u00e9sidence par\" \/>\n<meta name=\"robots\" content=\"index, follow, max-snippet:-1, max-image-preview:large, max-video-preview:-1\" \/>\n<link rel=\"canonical\" href=\"https:\/\/visaindex.com\/fr\/wp-json\/wp\/v2\/pages\/25657\" \/>\n<meta property=\"og:locale\" content=\"fr_FR\" \/>\n<meta property=\"og:type\" content=\"article\" \/>\n<meta property=\"og:title\" content=\"A propos de nous\" \/>\n<meta property=\"og:description\" content=\"Qui sommes-nous VisaIndex.com est d\u00e9tenu et exploit\u00e9 par Guide Consultants, leader mondial des programmes de citoyennet\u00e9 \u00e9conomique et de r\u00e9sidence par\" \/>\n<meta property=\"og:url\" content=\"https:\/\/visaindex.com\/fr\/about-us\/\" \/>\n<meta property=\"og:site_name\" content=\"VisaIndex.com\" \/>\n<meta property=\"article:publisher\" content=\"https:\/\/www.facebook.com\/visaindexglobal\" \/>\n<meta property=\"article:modified_time\" content=\"2025-10-26T15:13:47+00:00\" \/>\n<meta name=\"twitter:card\" content=\"summary_large_image\" \/>\n<meta name=\"twitter:site\" content=\"@VisaIndexGlobal\" \/>\n<meta name=\"twitter:label1\" content=\"Dur\u00e9e de lecture estim\u00e9e\" \/>\n\t<meta name=\"twitter:data1\" content=\"3 minutes\" \/>\n<script type=\"application\/ld+json\" class=\"yoast-schema-graph\">{\"@context\":\"https:\/\/schema.org\",\"@graph\":[{\"@type\":\"WebPage\",\"@id\":\"https:\/\/visaindex.com\/fr\/about-us\/\",\"url\":\"https:\/\/visaindex.com\/fr\/about-us\/\",\"name\":\"A propos de nous | Passports Ranking 2026\",\"isPartOf\":{\"@id\":\"https:\/\/visaindex.com\/fr\/#website\"},\"datePublished\":\"2020-11-09T01:06:02+00:00\",\"dateModified\":\"2025-10-26T15:13:47+00:00\",\"description\":\"Qui sommes-nous VisaIndex.com est d\u00e9tenu et exploit\u00e9 par Guide Consultants, leader mondial des programmes de citoyennet\u00e9 \u00e9conomique et de r\u00e9sidence par\",\"breadcrumb\":{\"@id\":\"https:\/\/visaindex.com\/fr\/about-us\/#breadcrumb\"},\"inLanguage\":\"fr-FR\",\"potentialAction\":[{\"@type\":\"ReadAction\",\"target\":[\"https:\/\/visaindex.com\/fr\/about-us\/\"]}]},{\"@type\":\"BreadcrumbList\",\"@id\":\"https:\/\/visaindex.com\/fr\/about-us\/#breadcrumb\",\"itemListElement\":[{\"@type\":\"ListItem\",\"position\":1,\"name\":\"Home\",\"item\":\"https:\/\/visaindex.com\/fr\/\"},{\"@type\":\"ListItem\",\"position\":2,\"name\":\"A propos de nous\"}]},{\"@type\":\"WebSite\",\"@id\":\"https:\/\/visaindex.com\/fr\/#website\",\"url\":\"https:\/\/visaindex.com\/fr\/\",\"name\":\"Passport Index 2026 | visaindex.com\",\"description\":\"visaindex.com is a one-stop portal for all information related to passport rankings and visa-free travel opportunities.\",\"publisher\":{\"@id\":\"https:\/\/visaindex.com\/fr\/#organization\"},\"alternateName\":\"visaindex.com\",\"potentialAction\":[{\"@type\":\"SearchAction\",\"target\":{\"@type\":\"EntryPoint\",\"urlTemplate\":\"https:\/\/visaindex.com\/fr\/?s={search_term_string}\"},\"query-input\":{\"@type\":\"PropertyValueSpecification\",\"valueRequired\":true,\"valueName\":\"search_term_string\"}}],\"inLanguage\":\"fr-FR\"},{\"@type\":\"Organization\",\"@id\":\"https:\/\/visaindex.com\/fr\/#organization\",\"name\":\"visaindex.com\",\"url\":\"https:\/\/visaindex.com\/fr\/\",\"logo\":{\"@type\":\"ImageObject\",\"inLanguage\":\"fr-FR\",\"@id\":\"https:\/\/visaindex.com\/fr\/#\/schema\/logo\/image\/\",\"url\":\"https:\/\/visaindex.s3-accelerate.amazonaws.com\/wp-content\/uploads\/2022\/11\/23232331\/VisaIndex.svg\",\"contentUrl\":\"https:\/\/visaindex.s3-accelerate.amazonaws.com\/wp-content\/uploads\/2022\/11\/23232331\/VisaIndex.svg\",\"caption\":\"visaindex.com\"},\"image\":{\"@id\":\"https:\/\/visaindex.com\/fr\/#\/schema\/logo\/image\/\"},\"sameAs\":[\"https:\/\/www.facebook.com\/visaindexglobal\",\"https:\/\/x.com\/VisaIndexGlobal\",\"https:\/\/www.instagram.com\/visaindex\/\"]}]}<\/script>\n<!-- \/ Yoast SEO Premium plugin. -->","yoast_head_json":{"title":"A propos de nous | Passports Ranking 2026","description":"Qui sommes-nous VisaIndex.com est d\u00e9tenu et exploit\u00e9 par Guide Consultants, leader mondial des programmes de citoyennet\u00e9 \u00e9conomique et de r\u00e9sidence par","robots":{"index":"index","follow":"follow","max-snippet":"max-snippet:-1","max-image-preview":"max-image-preview:large","max-video-preview":"max-video-preview:-1"},"canonical":"https:\/\/visaindex.com\/fr\/wp-json\/wp\/v2\/pages\/25657","og_locale":"fr_FR","og_type":"article","og_title":"A propos de nous","og_description":"Qui sommes-nous VisaIndex.com est d\u00e9tenu et exploit\u00e9 par Guide Consultants, leader mondial des programmes de citoyennet\u00e9 \u00e9conomique et de r\u00e9sidence par","og_url":"https:\/\/visaindex.com\/fr\/about-us\/","og_site_name":"VisaIndex.com","article_publisher":"https:\/\/www.facebook.com\/visaindexglobal","article_modified_time":"2025-10-26T15:13:47+00:00","twitter_card":"summary_large_image","twitter_site":"@VisaIndexGlobal","twitter_misc":{"Dur\u00e9e de lecture estim\u00e9e":"3 minutes"},"schema":{"@context":"https:\/\/schema.org","@graph":[{"@type":"WebPage","@id":"https:\/\/visaindex.com\/fr\/about-us\/","url":"https:\/\/visaindex.com\/fr\/about-us\/","name":"A propos de nous | Passports Ranking 2026","isPartOf":{"@id":"https:\/\/visaindex.com\/fr\/#website"},"datePublished":"2020-11-09T01:06:02+00:00","dateModified":"2025-10-26T15:13:47+00:00","description":"Qui sommes-nous VisaIndex.com est d\u00e9tenu et exploit\u00e9 par Guide Consultants, leader mondial des programmes de citoyennet\u00e9 \u00e9conomique et de r\u00e9sidence par","breadcrumb":{"@id":"https:\/\/visaindex.com\/fr\/about-us\/#breadcrumb"},"inLanguage":"fr-FR","potentialAction":[{"@type":"ReadAction","target":["https:\/\/visaindex.com\/fr\/about-us\/"]}]},{"@type":"BreadcrumbList","@id":"https:\/\/visaindex.com\/fr\/about-us\/#breadcrumb","itemListElement":[{"@type":"ListItem","position":1,"name":"Home","item":"https:\/\/visaindex.com\/fr\/"},{"@type":"ListItem","position":2,"name":"A propos de nous"}]},{"@type":"WebSite","@id":"https:\/\/visaindex.com\/fr\/#website","url":"https:\/\/visaindex.com\/fr\/","name":"Passport Index 2026 | visaindex.com","description":"visaindex.com is a one-stop portal for all information related to passport rankings and visa-free travel opportunities.","publisher":{"@id":"https:\/\/visaindex.com\/fr\/#organization"},"alternateName":"visaindex.com","potentialAction":[{"@type":"SearchAction","target":{"@type":"EntryPoint","urlTemplate":"https:\/\/visaindex.com\/fr\/?s={search_term_string}"},"query-input":{"@type":"PropertyValueSpecification","valueRequired":true,"valueName":"search_term_string"}}],"inLanguage":"fr-FR"},{"@type":"Organization","@id":"https:\/\/visaindex.com\/fr\/#organization","name":"visaindex.com","url":"https:\/\/visaindex.com\/fr\/","logo":{"@type":"ImageObject","inLanguage":"fr-FR","@id":"https:\/\/visaindex.com\/fr\/#\/schema\/logo\/image\/","url":"https:\/\/visaindex.s3-accelerate.amazonaws.com\/wp-content\/uploads\/2022\/11\/23232331\/VisaIndex.svg","contentUrl":"https:\/\/visaindex.s3-accelerate.amazonaws.com\/wp-content\/uploads\/2022\/11\/23232331\/VisaIndex.svg","caption":"visaindex.com"},"image":{"@id":"https:\/\/visaindex.com\/fr\/#\/schema\/logo\/image\/"},"sameAs":["https:\/\/www.facebook.com\/visaindexglobal","https:\/\/x.com\/VisaIndexGlobal","https:\/\/www.instagram.com\/visaindex\/"]}]}},"_links":{"self":[{"href":"https:\/\/visaindex.com\/fr\/wp-json\/wp\/v2\/pages\/25657","targetHints":{"allow":["GET"]}}],"collection":[{"href":"https:\/\/visaindex.com\/fr\/wp-json\/wp\/v2\/pages"}],"about":[{"href":"https:\/\/visaindex.com\/fr\/wp-json\/wp\/v2\/types\/page"}],"author":[{"embeddable":true,"href":"https:\/\/visaindex.com\/fr\/wp-json\/wp\/v2\/users\/3"}],"replies":[{"embeddable":true,"href":"https:\/\/visaindex.com\/fr\/wp-json\/wp\/v2\/comments?post=25657"}],"version-history":[{"count":1,"href":"https:\/\/visaindex.com\/fr\/wp-json\/wp\/v2\/pages\/25657\/revisions"}],"predecessor-version":[{"id":69942,"href":"https:\/\/visaindex.com\/fr\/wp-json\/wp\/v2\/pages\/25657\/revisions\/69942"}],"wp:attachment":[{"href":"https:\/\/visaindex.com\/fr\/wp-json\/wp\/v2\/media?parent=25657"}],"curies":[{"name":"wp","href":"https:\/\/api.w.org\/{rel}","templated":true}]}}