{"id":25670,"date":"2020-11-21T13:25:37","date_gmt":"2020-11-21T09:25:37","guid":{"rendered":"https:\/\/visaindex.codebase-product.com\/privacy-policy-2\/"},"modified":"2022-04-29T16:17:05","modified_gmt":"2022-04-29T16:17:05","slug":"politique-confidentialite-2","status":"publish","type":"page","link":"https:\/\/visaindex.com\/fr\/politique-confidentialite-2\/","title":{"rendered":"Politique de confidentialit\u00e9"},"content":{"rendered":"<p>Bienvenue sur VisaIndex.com ! L&rsquo;objectif de la politique de confidentialit\u00e9 de VisaIndex.com r\u00e9git votre visite sur www.visaindex.com et est de vous informer et de vous expliquer comment nous<\/p>\n","protected":false},"excerpt":{"rendered":"<p>Bienvenue sur VisaIndex.com ! L&rsquo;objectif de la politique de confidentialit\u00e9 de VisaIndex.com r\u00e9git votre visite sur www.visaindex.com et est de [&hellip;]<\/p>\n","protected":false},"author":3,"featured_media":0,"parent":0,"menu_order":0,"comment_status":"closed","ping_status":"closed","template":"","meta":{"_acf_changed":false,"inline_featured_image":false,"footnotes":""},"class_list":["post-25670","page","type-page","status-publish","hentry"],"acf":[],"yoast_head":"<!-- This site is optimized with the Yoast SEO Premium plugin v25.7.1 (Yoast SEO v25.7) - https:\/\/yoast.com\/wordpress\/plugins\/seo\/ -->\n<title>Politique de confidentialit\u00e9 | visaindex.com<\/title>\n<meta name=\"description\" content=\"Bienvenue sur VisaIndex.com ! L&#039;objectif de la politique de confidentialit\u00e9 de VisaIndex.com r\u00e9git votre visite sur www.visaindex.com et est de vous\" \/>\n<meta name=\"robots\" content=\"index, follow, max-snippet:-1, max-image-preview:large, max-video-preview:-1\" \/>\n<link rel=\"canonical\" href=\"https:\/\/visaindex.com\/fr\/wp-json\/wp\/v2\/pages\/25670\" \/>\n<meta property=\"og:locale\" content=\"fr_FR\" \/>\n<meta property=\"og:type\" content=\"article\" \/>\n<meta property=\"og:title\" content=\"Politique de confidentialit\u00e9\" \/>\n<meta property=\"og:description\" content=\"Bienvenue sur VisaIndex.com ! L&#039;objectif de la politique de confidentialit\u00e9 de VisaIndex.com r\u00e9git votre visite sur www.visaindex.com et est de vous\" \/>\n<meta property=\"og:url\" content=\"https:\/\/visaindex.com\/fr\/politique-confidentialite-2\/\" \/>\n<meta property=\"og:site_name\" content=\"VisaIndex.com\" \/>\n<meta property=\"article:publisher\" content=\"https:\/\/www.facebook.com\/visaindexglobal\" \/>\n<meta property=\"article:modified_time\" content=\"2022-04-29T16:17:05+00:00\" \/>\n<meta name=\"twitter:card\" content=\"summary_large_image\" \/>\n<meta name=\"twitter:site\" content=\"@VisaIndexGlobal\" \/>\n<meta name=\"twitter:label1\" content=\"Dur\u00e9e de lecture estim\u00e9e\" \/>\n\t<meta name=\"twitter:data1\" content=\"1 minute\" \/>\n<script type=\"application\/ld+json\" class=\"yoast-schema-graph\">{\"@context\":\"https:\/\/schema.org\",\"@graph\":[{\"@type\":\"WebPage\",\"@id\":\"https:\/\/visaindex.com\/fr\/politique-confidentialite-2\/\",\"url\":\"https:\/\/visaindex.com\/fr\/politique-confidentialite-2\/\",\"name\":\"Politique de confidentialit\u00e9 | visaindex.com\",\"isPartOf\":{\"@id\":\"https:\/\/visaindex.com\/fr\/#website\"},\"datePublished\":\"2020-11-21T09:25:37+00:00\",\"dateModified\":\"2022-04-29T16:17:05+00:00\",\"description\":\"Bienvenue sur VisaIndex.com ! L'objectif de la politique de confidentialit\u00e9 de VisaIndex.com r\u00e9git votre visite sur www.visaindex.com et est de vous\",\"breadcrumb\":{\"@id\":\"https:\/\/visaindex.com\/fr\/politique-confidentialite-2\/#breadcrumb\"},\"inLanguage\":\"fr-FR\",\"potentialAction\":[{\"@type\":\"ReadAction\",\"target\":[\"https:\/\/visaindex.com\/fr\/politique-confidentialite-2\/\"]}]},{\"@type\":\"BreadcrumbList\",\"@id\":\"https:\/\/visaindex.com\/fr\/politique-confidentialite-2\/#breadcrumb\",\"itemListElement\":[{\"@type\":\"ListItem\",\"position\":1,\"name\":\"Home\",\"item\":\"https:\/\/visaindex.com\/fr\/\"},{\"@type\":\"ListItem\",\"position\":2,\"name\":\"Politique de confidentialit\u00e9\"}]},{\"@type\":\"WebSite\",\"@id\":\"https:\/\/visaindex.com\/fr\/#website\",\"url\":\"https:\/\/visaindex.com\/fr\/\",\"name\":\"Passport Index 2026 | visaindex.com\",\"description\":\"visaindex.com is a one-stop portal for all information related to passport rankings and visa-free travel opportunities.\",\"publisher\":{\"@id\":\"https:\/\/visaindex.com\/fr\/#organization\"},\"alternateName\":\"visaindex.com\",\"potentialAction\":[{\"@type\":\"SearchAction\",\"target\":{\"@type\":\"EntryPoint\",\"urlTemplate\":\"https:\/\/visaindex.com\/fr\/?s={search_term_string}\"},\"query-input\":{\"@type\":\"PropertyValueSpecification\",\"valueRequired\":true,\"valueName\":\"search_term_string\"}}],\"inLanguage\":\"fr-FR\"},{\"@type\":\"Organization\",\"@id\":\"https:\/\/visaindex.com\/fr\/#organization\",\"name\":\"visaindex.com\",\"url\":\"https:\/\/visaindex.com\/fr\/\",\"logo\":{\"@type\":\"ImageObject\",\"inLanguage\":\"fr-FR\",\"@id\":\"https:\/\/visaindex.com\/fr\/#\/schema\/logo\/image\/\",\"url\":\"https:\/\/visaindex.s3-accelerate.amazonaws.com\/wp-content\/uploads\/2022\/11\/23232331\/VisaIndex.svg\",\"contentUrl\":\"https:\/\/visaindex.s3-accelerate.amazonaws.com\/wp-content\/uploads\/2022\/11\/23232331\/VisaIndex.svg\",\"caption\":\"visaindex.com\"},\"image\":{\"@id\":\"https:\/\/visaindex.com\/fr\/#\/schema\/logo\/image\/\"},\"sameAs\":[\"https:\/\/www.facebook.com\/visaindexglobal\",\"https:\/\/x.com\/VisaIndexGlobal\",\"https:\/\/www.instagram.com\/visaindex\/\"]}]}<\/script>\n<!-- \/ Yoast SEO Premium plugin. -->","yoast_head_json":{"title":"Politique de confidentialit\u00e9 | visaindex.com","description":"Bienvenue sur VisaIndex.com ! L'objectif de la politique de confidentialit\u00e9 de VisaIndex.com r\u00e9git votre visite sur www.visaindex.com et est de vous","robots":{"index":"index","follow":"follow","max-snippet":"max-snippet:-1","max-image-preview":"max-image-preview:large","max-video-preview":"max-video-preview:-1"},"canonical":"https:\/\/visaindex.com\/fr\/wp-json\/wp\/v2\/pages\/25670","og_locale":"fr_FR","og_type":"article","og_title":"Politique de confidentialit\u00e9","og_description":"Bienvenue sur VisaIndex.com ! L'objectif de la politique de confidentialit\u00e9 de VisaIndex.com r\u00e9git votre visite sur www.visaindex.com et est de vous","og_url":"https:\/\/visaindex.com\/fr\/politique-confidentialite-2\/","og_site_name":"VisaIndex.com","article_publisher":"https:\/\/www.facebook.com\/visaindexglobal","article_modified_time":"2022-04-29T16:17:05+00:00","twitter_card":"summary_large_image","twitter_site":"@VisaIndexGlobal","twitter_misc":{"Dur\u00e9e de lecture estim\u00e9e":"1 minute"},"schema":{"@context":"https:\/\/schema.org","@graph":[{"@type":"WebPage","@id":"https:\/\/visaindex.com\/fr\/politique-confidentialite-2\/","url":"https:\/\/visaindex.com\/fr\/politique-confidentialite-2\/","name":"Politique de confidentialit\u00e9 | visaindex.com","isPartOf":{"@id":"https:\/\/visaindex.com\/fr\/#website"},"datePublished":"2020-11-21T09:25:37+00:00","dateModified":"2022-04-29T16:17:05+00:00","description":"Bienvenue sur VisaIndex.com ! L'objectif de la politique de confidentialit\u00e9 de VisaIndex.com r\u00e9git votre visite sur www.visaindex.com et est de vous","breadcrumb":{"@id":"https:\/\/visaindex.com\/fr\/politique-confidentialite-2\/#breadcrumb"},"inLanguage":"fr-FR","potentialAction":[{"@type":"ReadAction","target":["https:\/\/visaindex.com\/fr\/politique-confidentialite-2\/"]}]},{"@type":"BreadcrumbList","@id":"https:\/\/visaindex.com\/fr\/politique-confidentialite-2\/#breadcrumb","itemListElement":[{"@type":"ListItem","position":1,"name":"Home","item":"https:\/\/visaindex.com\/fr\/"},{"@type":"ListItem","position":2,"name":"Politique de confidentialit\u00e9"}]},{"@type":"WebSite","@id":"https:\/\/visaindex.com\/fr\/#website","url":"https:\/\/visaindex.com\/fr\/","name":"Passport Index 2026 | visaindex.com","description":"visaindex.com is a one-stop portal for all information related to passport rankings and visa-free travel opportunities.","publisher":{"@id":"https:\/\/visaindex.com\/fr\/#organization"},"alternateName":"visaindex.com","potentialAction":[{"@type":"SearchAction","target":{"@type":"EntryPoint","urlTemplate":"https:\/\/visaindex.com\/fr\/?s={search_term_string}"},"query-input":{"@type":"PropertyValueSpecification","valueRequired":true,"valueName":"search_term_string"}}],"inLanguage":"fr-FR"},{"@type":"Organization","@id":"https:\/\/visaindex.com\/fr\/#organization","name":"visaindex.com","url":"https:\/\/visaindex.com\/fr\/","logo":{"@type":"ImageObject","inLanguage":"fr-FR","@id":"https:\/\/visaindex.com\/fr\/#\/schema\/logo\/image\/","url":"https:\/\/visaindex.s3-accelerate.amazonaws.com\/wp-content\/uploads\/2022\/11\/23232331\/VisaIndex.svg","contentUrl":"https:\/\/visaindex.s3-accelerate.amazonaws.com\/wp-content\/uploads\/2022\/11\/23232331\/VisaIndex.svg","caption":"visaindex.com"},"image":{"@id":"https:\/\/visaindex.com\/fr\/#\/schema\/logo\/image\/"},"sameAs":["https:\/\/www.facebook.com\/visaindexglobal","https:\/\/x.com\/VisaIndexGlobal","https:\/\/www.instagram.com\/visaindex\/"]}]}},"_links":{"self":[{"href":"https:\/\/visaindex.com\/fr\/wp-json\/wp\/v2\/pages\/25670","targetHints":{"allow":["GET"]}}],"collection":[{"href":"https:\/\/visaindex.com\/fr\/wp-json\/wp\/v2\/pages"}],"about":[{"href":"https:\/\/visaindex.com\/fr\/wp-json\/wp\/v2\/types\/page"}],"author":[{"embeddable":true,"href":"https:\/\/visaindex.com\/fr\/wp-json\/wp\/v2\/users\/3"}],"replies":[{"embeddable":true,"href":"https:\/\/visaindex.com\/fr\/wp-json\/wp\/v2\/comments?post=25670"}],"version-history":[{"count":0,"href":"https:\/\/visaindex.com\/fr\/wp-json\/wp\/v2\/pages\/25670\/revisions"}],"wp:attachment":[{"href":"https:\/\/visaindex.com\/fr\/wp-json\/wp\/v2\/media?parent=25670"}],"curies":[{"name":"wp","href":"https:\/\/api.w.org\/{rel}","templated":true}]}}