{"id":63482,"date":"2023-07-18T12:25:27","date_gmt":"2023-07-18T08:25:27","guid":{"rendered":"https:\/\/visaindex.com\/eta\/"},"modified":"2024-02-24T00:16:36","modified_gmt":"2024-02-23T20:16:36","slug":"eta","status":"publish","type":"page","link":"https:\/\/visaindex.com\/fr\/eta\/","title":{"rendered":"Autorisation de voyage \u00e9lectronique"},"content":{"rendered":"","protected":false},"excerpt":{"rendered":"","protected":false},"author":16,"featured_media":0,"parent":0,"menu_order":0,"comment_status":"closed","ping_status":"closed","template":"","meta":{"_acf_changed":false,"inline_featured_image":false,"footnotes":""},"class_list":["post-63482","page","type-page","status-publish","hentry"],"acf":[],"yoast_head":"<!-- This site is optimized with the Yoast SEO Premium plugin v25.7.1 (Yoast SEO v25.7) - https:\/\/yoast.com\/wordpress\/plugins\/seo\/ -->\n<title>Autorisation de voyage \u00e9lectronique | visaindex.com<\/title>\n<meta name=\"description\" content=\"Tout ce que vous devez savoir sur l&#039;autorisation de voyage \u00e9lectronique (AVE, ou ETA). Obtenez des informations sur les exigences de l&#039;ETA et la proc\u00e9dure de demande pour voyager en toute tranquillit\u00e9.\" \/>\n<meta name=\"robots\" content=\"index, follow, max-snippet:-1, max-image-preview:large, max-video-preview:-1\" \/>\n<link rel=\"canonical\" href=\"https:\/\/visaindex.com\/fr\/wp-json\/wp\/v2\/pages\/63482\" \/>\n<meta property=\"og:locale\" content=\"fr_FR\" \/>\n<meta property=\"og:type\" content=\"article\" \/>\n<meta property=\"og:title\" content=\"Autorisation de voyage \u00e9lectronique\" \/>\n<meta property=\"og:url\" content=\"https:\/\/visaindex.com\/fr\/eta\/\" \/>\n<meta property=\"og:site_name\" content=\"VisaIndex.com\" \/>\n<meta property=\"article:publisher\" content=\"https:\/\/www.facebook.com\/visaindexglobal\" \/>\n<meta property=\"article:modified_time\" content=\"2024-02-23T20:16:36+00:00\" \/>\n<meta name=\"twitter:card\" content=\"summary_large_image\" \/>\n<meta name=\"twitter:site\" content=\"@VisaIndexGlobal\" \/>\n<script type=\"application\/ld+json\" class=\"yoast-schema-graph\">{\"@context\":\"https:\/\/schema.org\",\"@graph\":[{\"@type\":\"WebPage\",\"@id\":\"https:\/\/visaindex.com\/fr\/eta\/\",\"url\":\"https:\/\/visaindex.com\/fr\/eta\/\",\"name\":\"Autorisation de voyage \u00e9lectronique | visaindex.com\",\"isPartOf\":{\"@id\":\"https:\/\/visaindex.com\/fr\/#website\"},\"datePublished\":\"2023-07-18T08:25:27+00:00\",\"dateModified\":\"2024-02-23T20:16:36+00:00\",\"description\":\"Tout ce que vous devez savoir sur l'autorisation de voyage \u00e9lectronique (AVE, ou ETA). Obtenez des informations sur les exigences de l'ETA et la proc\u00e9dure de demande pour voyager en toute tranquillit\u00e9.\",\"breadcrumb\":{\"@id\":\"https:\/\/visaindex.com\/fr\/eta\/#breadcrumb\"},\"inLanguage\":\"fr-FR\",\"potentialAction\":[{\"@type\":\"ReadAction\",\"target\":[\"https:\/\/visaindex.com\/fr\/eta\/\"]}]},{\"@type\":\"BreadcrumbList\",\"@id\":\"https:\/\/visaindex.com\/fr\/eta\/#breadcrumb\",\"itemListElement\":[{\"@type\":\"ListItem\",\"position\":1,\"name\":\"Home\",\"item\":\"https:\/\/visaindex.com\/fr\/\"},{\"@type\":\"ListItem\",\"position\":2,\"name\":\"Autorisation de voyage \u00e9lectronique\"}]},{\"@type\":\"WebSite\",\"@id\":\"https:\/\/visaindex.com\/fr\/#website\",\"url\":\"https:\/\/visaindex.com\/fr\/\",\"name\":\"Passport Index 2026 | visaindex.com\",\"description\":\"visaindex.com is a one-stop portal for all information related to passport rankings and visa-free travel opportunities.\",\"publisher\":{\"@id\":\"https:\/\/visaindex.com\/fr\/#organization\"},\"alternateName\":\"visaindex.com\",\"potentialAction\":[{\"@type\":\"SearchAction\",\"target\":{\"@type\":\"EntryPoint\",\"urlTemplate\":\"https:\/\/visaindex.com\/fr\/?s={search_term_string}\"},\"query-input\":{\"@type\":\"PropertyValueSpecification\",\"valueRequired\":true,\"valueName\":\"search_term_string\"}}],\"inLanguage\":\"fr-FR\"},{\"@type\":\"Organization\",\"@id\":\"https:\/\/visaindex.com\/fr\/#organization\",\"name\":\"visaindex.com\",\"url\":\"https:\/\/visaindex.com\/fr\/\",\"logo\":{\"@type\":\"ImageObject\",\"inLanguage\":\"fr-FR\",\"@id\":\"https:\/\/visaindex.com\/fr\/#\/schema\/logo\/image\/\",\"url\":\"https:\/\/visaindex.s3-accelerate.amazonaws.com\/wp-content\/uploads\/2022\/11\/23232331\/VisaIndex.svg\",\"contentUrl\":\"https:\/\/visaindex.s3-accelerate.amazonaws.com\/wp-content\/uploads\/2022\/11\/23232331\/VisaIndex.svg\",\"caption\":\"visaindex.com\"},\"image\":{\"@id\":\"https:\/\/visaindex.com\/fr\/#\/schema\/logo\/image\/\"},\"sameAs\":[\"https:\/\/www.facebook.com\/visaindexglobal\",\"https:\/\/x.com\/VisaIndexGlobal\",\"https:\/\/www.instagram.com\/visaindex\/\"]}]}<\/script>\n<!-- \/ Yoast SEO Premium plugin. -->","yoast_head_json":{"title":"Autorisation de voyage \u00e9lectronique | visaindex.com","description":"Tout ce que vous devez savoir sur l'autorisation de voyage \u00e9lectronique (AVE, ou ETA). Obtenez des informations sur les exigences de l'ETA et la proc\u00e9dure de demande pour voyager en toute tranquillit\u00e9.","robots":{"index":"index","follow":"follow","max-snippet":"max-snippet:-1","max-image-preview":"max-image-preview:large","max-video-preview":"max-video-preview:-1"},"canonical":"https:\/\/visaindex.com\/fr\/wp-json\/wp\/v2\/pages\/63482","og_locale":"fr_FR","og_type":"article","og_title":"Autorisation de voyage \u00e9lectronique","og_url":"https:\/\/visaindex.com\/fr\/eta\/","og_site_name":"VisaIndex.com","article_publisher":"https:\/\/www.facebook.com\/visaindexglobal","article_modified_time":"2024-02-23T20:16:36+00:00","twitter_card":"summary_large_image","twitter_site":"@VisaIndexGlobal","schema":{"@context":"https:\/\/schema.org","@graph":[{"@type":"WebPage","@id":"https:\/\/visaindex.com\/fr\/eta\/","url":"https:\/\/visaindex.com\/fr\/eta\/","name":"Autorisation de voyage \u00e9lectronique | visaindex.com","isPartOf":{"@id":"https:\/\/visaindex.com\/fr\/#website"},"datePublished":"2023-07-18T08:25:27+00:00","dateModified":"2024-02-23T20:16:36+00:00","description":"Tout ce que vous devez savoir sur l'autorisation de voyage \u00e9lectronique (AVE, ou ETA). Obtenez des informations sur les exigences de l'ETA et la proc\u00e9dure de demande pour voyager en toute tranquillit\u00e9.","breadcrumb":{"@id":"https:\/\/visaindex.com\/fr\/eta\/#breadcrumb"},"inLanguage":"fr-FR","potentialAction":[{"@type":"ReadAction","target":["https:\/\/visaindex.com\/fr\/eta\/"]}]},{"@type":"BreadcrumbList","@id":"https:\/\/visaindex.com\/fr\/eta\/#breadcrumb","itemListElement":[{"@type":"ListItem","position":1,"name":"Home","item":"https:\/\/visaindex.com\/fr\/"},{"@type":"ListItem","position":2,"name":"Autorisation de voyage \u00e9lectronique"}]},{"@type":"WebSite","@id":"https:\/\/visaindex.com\/fr\/#website","url":"https:\/\/visaindex.com\/fr\/","name":"Passport Index 2026 | visaindex.com","description":"visaindex.com is a one-stop portal for all information related to passport rankings and visa-free travel opportunities.","publisher":{"@id":"https:\/\/visaindex.com\/fr\/#organization"},"alternateName":"visaindex.com","potentialAction":[{"@type":"SearchAction","target":{"@type":"EntryPoint","urlTemplate":"https:\/\/visaindex.com\/fr\/?s={search_term_string}"},"query-input":{"@type":"PropertyValueSpecification","valueRequired":true,"valueName":"search_term_string"}}],"inLanguage":"fr-FR"},{"@type":"Organization","@id":"https:\/\/visaindex.com\/fr\/#organization","name":"visaindex.com","url":"https:\/\/visaindex.com\/fr\/","logo":{"@type":"ImageObject","inLanguage":"fr-FR","@id":"https:\/\/visaindex.com\/fr\/#\/schema\/logo\/image\/","url":"https:\/\/visaindex.s3-accelerate.amazonaws.com\/wp-content\/uploads\/2022\/11\/23232331\/VisaIndex.svg","contentUrl":"https:\/\/visaindex.s3-accelerate.amazonaws.com\/wp-content\/uploads\/2022\/11\/23232331\/VisaIndex.svg","caption":"visaindex.com"},"image":{"@id":"https:\/\/visaindex.com\/fr\/#\/schema\/logo\/image\/"},"sameAs":["https:\/\/www.facebook.com\/visaindexglobal","https:\/\/x.com\/VisaIndexGlobal","https:\/\/www.instagram.com\/visaindex\/"]}]}},"_links":{"self":[{"href":"https:\/\/visaindex.com\/fr\/wp-json\/wp\/v2\/pages\/63482","targetHints":{"allow":["GET"]}}],"collection":[{"href":"https:\/\/visaindex.com\/fr\/wp-json\/wp\/v2\/pages"}],"about":[{"href":"https:\/\/visaindex.com\/fr\/wp-json\/wp\/v2\/types\/page"}],"author":[{"embeddable":true,"href":"https:\/\/visaindex.com\/fr\/wp-json\/wp\/v2\/users\/16"}],"replies":[{"embeddable":true,"href":"https:\/\/visaindex.com\/fr\/wp-json\/wp\/v2\/comments?post=63482"}],"version-history":[{"count":4,"href":"https:\/\/visaindex.com\/fr\/wp-json\/wp\/v2\/pages\/63482\/revisions"}],"predecessor-version":[{"id":63532,"href":"https:\/\/visaindex.com\/fr\/wp-json\/wp\/v2\/pages\/63482\/revisions\/63532"}],"wp:attachment":[{"href":"https:\/\/visaindex.com\/fr\/wp-json\/wp\/v2\/media?parent=63482"}],"curies":[{"name":"wp","href":"https:\/\/api.w.org\/{rel}","templated":true}]}}