{"id":60358,"date":"2020-11-09T05:06:02","date_gmt":"2020-11-09T01:06:02","guid":{"rendered":"https:\/\/visaindex.com\/about-us\/"},"modified":"2023-11-24T19:45:05","modified_gmt":"2023-11-24T15:45:05","slug":"about-us","status":"publish","type":"page","link":"https:\/\/visaindex.com\/pt\/about-us\/","title":{"rendered":"Sobre N\u00f3s"},"content":{"rendered":"\n<h2 class=\"wp-block-heading\" id=\"h-quem-somos\">Quem Somos<\/h2>\n\n\n\n<p>visaindex.com<em> \u00e9 operado pela Guide Consultants LLC, l\u00edder global em programas de cidadania econ\u00f4mica e resid\u00eancia por meio de investimentos.<\/em><\/p>\n\n\n\n<p>visaindex.com foi lan\u00e7ado com o objetivo de fornecer uma plataforma online para a classifica\u00e7\u00e3o global mais atualizada de passaportes e informa\u00e7\u00f5es sobre vistos. Nossa equipe de especialistas utiliza os dados mais confi\u00e1veis, provenientes dos destinos mais respeit\u00e1veis, para compilar uma classifica\u00e7\u00e3o acess\u00edvel de todos os passaportes do mundo. Visualizamos o visaindex.com como uma plataforma valiosa para qualquer pessoa que deseje tomar decis\u00f5es informadas sobre viagens globais e mobilidade. Estamos ansiosos para nos tornarmos um destino completo de informa\u00e7\u00f5es sobre requisitos espec\u00edficos de entrada para portadores de passaportes de todo o mundo. Acima de tudo, esperamos que todos os titulares de passaportes, de qualquer origem, usem o VisaIndex.com para buscar viagens mais inteligentes.<\/p>\n\n\n\n<div style=\"height:50px\" aria-hidden=\"true\" class=\"wp-block-spacer\"><\/div>\n\n\n\n<h2 class=\"wp-block-heading\" id=\"h-sistema-de-classificacao-de-passaportes-como-funciona\">Sistema de Classifica\u00e7\u00e3o de Passaportes: Como Funciona<\/h2>\n\n\n\n<p>A classifica\u00e7\u00e3o de um passaporte \u00e9 determinada pelo grau de liberdade de movimento que ele oferece; quanto mais pa\u00edses um viajante pode visitar sem necessidade de visto, mais poderoso \u00e9 seu passaporte. Os passaportes mais bem classificados do mundo s\u00e3o aqueles que proporcionam mais acesso &#8220;livre de visto&#8221; para seus titulares; quanto mais acesso livre de visto um passaporte permite, mais alto \u00e9 sua posi\u00e7\u00e3o em rela\u00e7\u00e3o a todos os outros passaportes existentes.<\/p>\n\n\n\n<p>O VisaIndex.com avalia o ranking de um passaporte quantificando o n\u00famero de pa\u00edses que um titular pode visitar sem visto. Avaliamos cada passaporte de acordo com o grau de acesso que proporciona, calculando o n\u00famero de pa\u00edses que um titular de passaporte pode visitar sem visto, com visto na chegada e com Autoriza\u00e7\u00e3o Eletr\u00f4nica de Viagem (eTA).<\/p>\n\n\n\n<p>Al\u00e9m de utilizar todas essas informa\u00e7\u00f5es para avaliar o ranking do passaporte, tamb\u00e9m as disponibilizamos de forma transparente para voc\u00ea: o viajante. Ao aprender o ranking de um passaporte, voc\u00ea tamb\u00e9m pode visualizar os dados por tr\u00e1s de sua posi\u00e7\u00e3o em rela\u00e7\u00e3o a outros pa\u00edses. Para cada passaporte, listamos o n\u00famero de pa\u00edses aos quais os titulares do passaporte t\u00eam acesso aos seguintes benef\u00edcios:<\/p>\n\n\n\n<p>A. Livre de visto<br>B. Visto na chegada<br>C. eTA<\/p>\n\n\n\n<p>Al\u00e9m de listar os benef\u00edcios acima de um passaporte (acesso livre de visto, etc.), tamb\u00e9m listamos os pa\u00edses que exigem visto (ou seja, os pa\u00edses que exigem que os titulares de passaporte obtenham um visto antecipadamente), incluindo pa\u00edses que exigem aplica\u00e7\u00e3o de Visto Online.<\/p>\n\n\n\n<div style=\"height:50px\" aria-hidden=\"true\" class=\"wp-block-spacer\"><\/div>\n\n\n\n<h2 class=\"wp-block-heading\" id=\"h-visao\">Vis\u00e3o<\/h2>\n\n\n\n<p>No visaIndex.com, visualizamos um mundo em que todos os viajantes t\u00eam acesso instant\u00e2neo a uma fonte confi\u00e1vel de classifica\u00e7\u00e3o de passaportes.<\/p>\n\n\n\n<div style=\"height:50px\" aria-hidden=\"true\" class=\"wp-block-spacer\"><\/div>\n\n\n\n<h2 class=\"wp-block-heading\" id=\"h-objetivo\">Objetivo<\/h2>\n\n\n\n<p>O visaindex.com \u00e9 motivado pelo objetivo de ser o destino online mais confi\u00e1vel para classifica\u00e7\u00e3o global de passaportes e informa\u00e7\u00f5es sobre vistos. Estamos confiantes de que nossa depend\u00eancia dos dados mais precisos e dos especialistas mais conhecedores levou \u00e0 cria\u00e7\u00e3o de um sistema de classifica\u00e7\u00e3o excepcional. Nosso formato claro e esquema de apresenta\u00e7\u00e3o direta contribuem para nossa ambi\u00e7\u00e3o de simplificar uma metodologia complexa, proporcionando uma experi\u00eancia superior ao usu\u00e1rio para os viajantes. Nossa equipe dedicada presta muita aten\u00e7\u00e3o \u00e0s mudan\u00e7as na classifica\u00e7\u00e3o global de passaportes e no regime de vistos, atualizando nosso site regularmente.<\/p>\n\n\n\n<div style=\"height:50px\" aria-hidden=\"true\" class=\"wp-block-spacer\"><\/div>\n\n\n\n<h2 class=\"wp-block-heading\" id=\"h-valores\">Valores<\/h2>\n\n\n\n<p>O VisaIndex.com tem orgulho de operar de acordo com seus valores fundamentais de transpar\u00eancia, confiabilidade e presta\u00e7\u00e3o de servi\u00e7os \u00e9ticos. Nos comprometemos a usar apenas informa\u00e7\u00f5es relevantes e atualizadas para montar um sistema confi\u00e1vel de classifica\u00e7\u00e3o de passaportes.<\/p>\n\n\n\n<div style=\"height:50px\" aria-hidden=\"true\" class=\"wp-block-spacer\"><\/div>\n\n\n\n<h2 class=\"wp-block-heading\" id=\"h-profissionalismo-e-expertise\">Profissionalismo e Expertise<\/h2>\n\n\n\n<p>O VisaIndex.com se destaca por sua sele\u00e7\u00e3o de especialistas em vistos e passaportes. Juntos, temos mais de uma d\u00e9cada de experi\u00eancia no campo, proporcionando uma vis\u00e3o e experi\u00eancia \u00fanicas.<\/p>\n\n\n\n<div style=\"height:50px\" aria-hidden=\"true\" class=\"wp-block-spacer\"><\/div>\n","protected":false},"excerpt":{"rendered":"<p>Quem Somos visaindex.com \u00e9 operado pela Guide Consultants LLC, l\u00edder global em programas de cidadania econ\u00f4mica e resid\u00eancia por meio [&hellip;]<\/p>\n","protected":false},"author":3,"featured_media":0,"parent":0,"menu_order":0,"comment_status":"closed","ping_status":"closed","template":"","meta":{"_acf_changed":false,"inline_featured_image":false,"footnotes":""},"class_list":["post-60358","page","type-page","status-publish","hentry"],"acf":[],"yoast_head":"<!-- This site is optimized with the Yoast SEO Premium plugin v25.7.1 (Yoast SEO v25.7) - https:\/\/yoast.com\/wordpress\/plugins\/seo\/ -->\n<title>Sobre N\u00f3s | visaindex.com<\/title>\n<meta name=\"description\" content=\"O visaIndex.com \u00e9 de propriedade e operado pela Guide Consultants, l\u00edder global em programas de cidadania econ\u00f4mica e resid\u00eancia por meio de investimentos.\" \/>\n<meta name=\"robots\" content=\"index, follow, max-snippet:-1, max-image-preview:large, max-video-preview:-1\" \/>\n<link rel=\"canonical\" href=\"https:\/\/visaindex.com\/pt\/wp-json\/wp\/v2\/pages\/60358\" \/>\n<meta property=\"og:locale\" content=\"pt_PT\" \/>\n<meta property=\"og:type\" content=\"article\" \/>\n<meta property=\"og:title\" content=\"Sobre N\u00f3s\" \/>\n<meta property=\"og:description\" content=\"Quem Somos visaindex.com \u00e9 operado pela Guide Consultants LLC, l\u00edder global em programas de cidadania econ\u00f4mica e resid\u00eancia por meio de investimentos.\" \/>\n<meta property=\"og:url\" content=\"https:\/\/visaindex.com\/pt\/about-us\/\" \/>\n<meta property=\"og:site_name\" content=\"VisaIndex.com\" \/>\n<meta property=\"article:publisher\" content=\"https:\/\/www.facebook.com\/visaindexglobal\" \/>\n<meta property=\"article:modified_time\" content=\"2023-11-24T15:45:05+00:00\" \/>\n<meta name=\"twitter:card\" content=\"summary_large_image\" \/>\n<meta name=\"twitter:site\" content=\"@VisaIndexGlobal\" \/>\n<meta name=\"twitter:label1\" content=\"Est. reading time\" \/>\n\t<meta name=\"twitter:data1\" content=\"3 minutes\" \/>\n<script type=\"application\/ld+json\" class=\"yoast-schema-graph\">{\"@context\":\"https:\/\/schema.org\",\"@graph\":[{\"@type\":\"WebPage\",\"@id\":\"https:\/\/visaindex.com\/pt\/about-us\/\",\"url\":\"https:\/\/visaindex.com\/pt\/about-us\/\",\"name\":\"Sobre N\u00f3s | visaindex.com\",\"isPartOf\":{\"@id\":\"https:\/\/visaindex.com\/pt\/#website\"},\"datePublished\":\"2020-11-09T01:06:02+00:00\",\"dateModified\":\"2023-11-24T15:45:05+00:00\",\"description\":\"O visaIndex.com \u00e9 de propriedade e operado pela Guide Consultants, l\u00edder global em programas de cidadania econ\u00f4mica e resid\u00eancia por meio de investimentos.\",\"breadcrumb\":{\"@id\":\"https:\/\/visaindex.com\/pt\/about-us\/#breadcrumb\"},\"inLanguage\":\"pt\",\"potentialAction\":[{\"@type\":\"ReadAction\",\"target\":[\"https:\/\/visaindex.com\/pt\/about-us\/\"]}]},{\"@type\":\"BreadcrumbList\",\"@id\":\"https:\/\/visaindex.com\/pt\/about-us\/#breadcrumb\",\"itemListElement\":[{\"@type\":\"ListItem\",\"position\":1,\"name\":\"Home\",\"item\":\"https:\/\/visaindex.com\/pt\/\"},{\"@type\":\"ListItem\",\"position\":2,\"name\":\"Sobre N\u00f3s\"}]},{\"@type\":\"WebSite\",\"@id\":\"https:\/\/visaindex.com\/pt\/#website\",\"url\":\"https:\/\/visaindex.com\/pt\/\",\"name\":\"Passport Index 2026 | visaindex.com\",\"description\":\"O visaindex.com \u00e9 um portal \u00fanico para todas as informa\u00e7\u00f5es relacionadas \u00e0 classifica\u00e7\u00e3o de passaportes e oportunidades de viagem sem visto.\",\"publisher\":{\"@id\":\"https:\/\/visaindex.com\/pt\/#organization\"},\"alternateName\":\"visaindex.com\",\"potentialAction\":[{\"@type\":\"SearchAction\",\"target\":{\"@type\":\"EntryPoint\",\"urlTemplate\":\"https:\/\/visaindex.com\/pt\/?s={search_term_string}\"},\"query-input\":{\"@type\":\"PropertyValueSpecification\",\"valueRequired\":true,\"valueName\":\"search_term_string\"}}],\"inLanguage\":\"pt\"},{\"@type\":\"Organization\",\"@id\":\"https:\/\/visaindex.com\/pt\/#organization\",\"name\":\"visaindex.com\",\"url\":\"https:\/\/visaindex.com\/pt\/\",\"logo\":{\"@type\":\"ImageObject\",\"inLanguage\":\"pt\",\"@id\":\"https:\/\/visaindex.com\/pt\/#\/schema\/logo\/image\/\",\"url\":\"https:\/\/visaindex.s3-accelerate.amazonaws.com\/wp-content\/uploads\/2022\/11\/23232331\/VisaIndex.svg\",\"contentUrl\":\"https:\/\/visaindex.s3-accelerate.amazonaws.com\/wp-content\/uploads\/2022\/11\/23232331\/VisaIndex.svg\",\"caption\":\"visaindex.com\"},\"image\":{\"@id\":\"https:\/\/visaindex.com\/pt\/#\/schema\/logo\/image\/\"},\"sameAs\":[\"https:\/\/www.facebook.com\/visaindexglobal\",\"https:\/\/x.com\/VisaIndexGlobal\",\"https:\/\/www.instagram.com\/visaindex\/\"]}]}<\/script>\n<!-- \/ Yoast SEO Premium plugin. -->","yoast_head_json":{"title":"Sobre N\u00f3s | visaindex.com","description":"O visaIndex.com \u00e9 de propriedade e operado pela Guide Consultants, l\u00edder global em programas de cidadania econ\u00f4mica e resid\u00eancia por meio de investimentos.","robots":{"index":"index","follow":"follow","max-snippet":"max-snippet:-1","max-image-preview":"max-image-preview:large","max-video-preview":"max-video-preview:-1"},"canonical":"https:\/\/visaindex.com\/pt\/wp-json\/wp\/v2\/pages\/60358","og_locale":"pt_PT","og_type":"article","og_title":"Sobre N\u00f3s","og_description":"Quem Somos visaindex.com \u00e9 operado pela Guide Consultants LLC, l\u00edder global em programas de cidadania econ\u00f4mica e resid\u00eancia por meio de investimentos.","og_url":"https:\/\/visaindex.com\/pt\/about-us\/","og_site_name":"VisaIndex.com","article_publisher":"https:\/\/www.facebook.com\/visaindexglobal","article_modified_time":"2023-11-24T15:45:05+00:00","twitter_card":"summary_large_image","twitter_site":"@VisaIndexGlobal","twitter_misc":{"Est. reading time":"3 minutes"},"schema":{"@context":"https:\/\/schema.org","@graph":[{"@type":"WebPage","@id":"https:\/\/visaindex.com\/pt\/about-us\/","url":"https:\/\/visaindex.com\/pt\/about-us\/","name":"Sobre N\u00f3s | visaindex.com","isPartOf":{"@id":"https:\/\/visaindex.com\/pt\/#website"},"datePublished":"2020-11-09T01:06:02+00:00","dateModified":"2023-11-24T15:45:05+00:00","description":"O visaIndex.com \u00e9 de propriedade e operado pela Guide Consultants, l\u00edder global em programas de cidadania econ\u00f4mica e resid\u00eancia por meio de investimentos.","breadcrumb":{"@id":"https:\/\/visaindex.com\/pt\/about-us\/#breadcrumb"},"inLanguage":"pt","potentialAction":[{"@type":"ReadAction","target":["https:\/\/visaindex.com\/pt\/about-us\/"]}]},{"@type":"BreadcrumbList","@id":"https:\/\/visaindex.com\/pt\/about-us\/#breadcrumb","itemListElement":[{"@type":"ListItem","position":1,"name":"Home","item":"https:\/\/visaindex.com\/pt\/"},{"@type":"ListItem","position":2,"name":"Sobre N\u00f3s"}]},{"@type":"WebSite","@id":"https:\/\/visaindex.com\/pt\/#website","url":"https:\/\/visaindex.com\/pt\/","name":"Passport Index 2026 | visaindex.com","description":"O visaindex.com \u00e9 um portal \u00fanico para todas as informa\u00e7\u00f5es relacionadas \u00e0 classifica\u00e7\u00e3o de passaportes e oportunidades de viagem sem visto.","publisher":{"@id":"https:\/\/visaindex.com\/pt\/#organization"},"alternateName":"visaindex.com","potentialAction":[{"@type":"SearchAction","target":{"@type":"EntryPoint","urlTemplate":"https:\/\/visaindex.com\/pt\/?s={search_term_string}"},"query-input":{"@type":"PropertyValueSpecification","valueRequired":true,"valueName":"search_term_string"}}],"inLanguage":"pt"},{"@type":"Organization","@id":"https:\/\/visaindex.com\/pt\/#organization","name":"visaindex.com","url":"https:\/\/visaindex.com\/pt\/","logo":{"@type":"ImageObject","inLanguage":"pt","@id":"https:\/\/visaindex.com\/pt\/#\/schema\/logo\/image\/","url":"https:\/\/visaindex.s3-accelerate.amazonaws.com\/wp-content\/uploads\/2022\/11\/23232331\/VisaIndex.svg","contentUrl":"https:\/\/visaindex.s3-accelerate.amazonaws.com\/wp-content\/uploads\/2022\/11\/23232331\/VisaIndex.svg","caption":"visaindex.com"},"image":{"@id":"https:\/\/visaindex.com\/pt\/#\/schema\/logo\/image\/"},"sameAs":["https:\/\/www.facebook.com\/visaindexglobal","https:\/\/x.com\/VisaIndexGlobal","https:\/\/www.instagram.com\/visaindex\/"]}]}},"_links":{"self":[{"href":"https:\/\/visaindex.com\/pt\/wp-json\/wp\/v2\/pages\/60358","targetHints":{"allow":["GET"]}}],"collection":[{"href":"https:\/\/visaindex.com\/pt\/wp-json\/wp\/v2\/pages"}],"about":[{"href":"https:\/\/visaindex.com\/pt\/wp-json\/wp\/v2\/types\/page"}],"author":[{"embeddable":true,"href":"https:\/\/visaindex.com\/pt\/wp-json\/wp\/v2\/users\/3"}],"replies":[{"embeddable":true,"href":"https:\/\/visaindex.com\/pt\/wp-json\/wp\/v2\/comments?post=60358"}],"version-history":[{"count":3,"href":"https:\/\/visaindex.com\/pt\/wp-json\/wp\/v2\/pages\/60358\/revisions"}],"predecessor-version":[{"id":60366,"href":"https:\/\/visaindex.com\/pt\/wp-json\/wp\/v2\/pages\/60358\/revisions\/60366"}],"wp:attachment":[{"href":"https:\/\/visaindex.com\/pt\/wp-json\/wp\/v2\/media?parent=60358"}],"curies":[{"name":"wp","href":"https:\/\/api.w.org\/{rel}","templated":true}]}}