{"id":60376,"date":"2020-11-21T18:06:30","date_gmt":"2020-11-21T14:06:30","guid":{"rendered":"https:\/\/visaindex.com\/all-passports\/"},"modified":"2023-12-08T13:37:24","modified_gmt":"2023-12-08T09:37:24","slug":"ranking-de-passaportes","status":"publish","type":"page","link":"https:\/\/visaindex.com\/pt\/ranking-de-passaportes\/","title":{"rendered":"Ranking de Passaportes"},"content":{"rendered":"","protected":false},"excerpt":{"rendered":"","protected":false},"author":3,"featured_media":0,"parent":0,"menu_order":0,"comment_status":"closed","ping_status":"closed","template":"","meta":{"_acf_changed":false,"inline_featured_image":false,"footnotes":""},"class_list":["post-60376","page","type-page","status-publish","hentry"],"acf":[],"yoast_head":"<!-- This site is optimized with the Yoast SEO Premium plugin v25.7.1 (Yoast SEO v25.7) - https:\/\/yoast.com\/wordpress\/plugins\/seo\/ -->\n<title>Ranking de Passaportes | visaindex.com<\/title>\n<meta name=\"description\" content=\"Descubra informa\u00e7\u00f5es sobre a classifica\u00e7\u00e3o de passaportes e verifique a lista de pa\u00edses para os quais seu passaporte permite viajar sem visto.\" \/>\n<meta name=\"robots\" content=\"index, follow, max-snippet:-1, max-image-preview:large, max-video-preview:-1\" \/>\n<link rel=\"canonical\" href=\"https:\/\/visaindex.com\/pt\/wp-json\/wp\/v2\/pages\/60376\" \/>\n<meta property=\"og:locale\" content=\"pt_PT\" \/>\n<meta property=\"og:type\" content=\"article\" \/>\n<meta property=\"og:title\" content=\"Ranking de Passaportes\" \/>\n<meta property=\"og:url\" content=\"https:\/\/visaindex.com\/pt\/ranking-de-passaportes\/\" \/>\n<meta property=\"og:site_name\" content=\"VisaIndex.com\" \/>\n<meta property=\"article:publisher\" content=\"https:\/\/www.facebook.com\/visaindexglobal\" \/>\n<meta property=\"article:modified_time\" content=\"2023-12-08T09:37:24+00:00\" \/>\n<meta name=\"twitter:card\" content=\"summary_large_image\" \/>\n<meta name=\"twitter:site\" content=\"@VisaIndexGlobal\" \/>\n<script type=\"application\/ld+json\" class=\"yoast-schema-graph\">{\"@context\":\"https:\/\/schema.org\",\"@graph\":[{\"@type\":\"WebPage\",\"@id\":\"https:\/\/visaindex.com\/pt\/ranking-de-passaportes\/\",\"url\":\"https:\/\/visaindex.com\/pt\/ranking-de-passaportes\/\",\"name\":\"Ranking de Passaportes | visaindex.com\",\"isPartOf\":{\"@id\":\"https:\/\/visaindex.com\/pt\/#website\"},\"datePublished\":\"2020-11-21T14:06:30+00:00\",\"dateModified\":\"2023-12-08T09:37:24+00:00\",\"description\":\"Descubra informa\u00e7\u00f5es sobre a classifica\u00e7\u00e3o de passaportes e verifique a lista de pa\u00edses para os quais seu passaporte permite viajar sem visto.\",\"breadcrumb\":{\"@id\":\"https:\/\/visaindex.com\/pt\/ranking-de-passaportes\/#breadcrumb\"},\"inLanguage\":\"pt\",\"potentialAction\":[{\"@type\":\"ReadAction\",\"target\":[\"https:\/\/visaindex.com\/pt\/ranking-de-passaportes\/\"]}]},{\"@type\":\"BreadcrumbList\",\"@id\":\"https:\/\/visaindex.com\/pt\/ranking-de-passaportes\/#breadcrumb\",\"itemListElement\":[{\"@type\":\"ListItem\",\"position\":1,\"name\":\"Home\",\"item\":\"https:\/\/visaindex.com\/pt\/\"},{\"@type\":\"ListItem\",\"position\":2,\"name\":\"Ranking de Passaportes\"}]},{\"@type\":\"WebSite\",\"@id\":\"https:\/\/visaindex.com\/pt\/#website\",\"url\":\"https:\/\/visaindex.com\/pt\/\",\"name\":\"Passport Index 2026 | visaindex.com\",\"description\":\"O visaindex.com \u00e9 um portal \u00fanico para todas as informa\u00e7\u00f5es relacionadas \u00e0 classifica\u00e7\u00e3o de passaportes e oportunidades de viagem sem visto.\",\"publisher\":{\"@id\":\"https:\/\/visaindex.com\/pt\/#organization\"},\"alternateName\":\"visaindex.com\",\"potentialAction\":[{\"@type\":\"SearchAction\",\"target\":{\"@type\":\"EntryPoint\",\"urlTemplate\":\"https:\/\/visaindex.com\/pt\/?s={search_term_string}\"},\"query-input\":{\"@type\":\"PropertyValueSpecification\",\"valueRequired\":true,\"valueName\":\"search_term_string\"}}],\"inLanguage\":\"pt\"},{\"@type\":\"Organization\",\"@id\":\"https:\/\/visaindex.com\/pt\/#organization\",\"name\":\"visaindex.com\",\"url\":\"https:\/\/visaindex.com\/pt\/\",\"logo\":{\"@type\":\"ImageObject\",\"inLanguage\":\"pt\",\"@id\":\"https:\/\/visaindex.com\/pt\/#\/schema\/logo\/image\/\",\"url\":\"https:\/\/visaindex.s3-accelerate.amazonaws.com\/wp-content\/uploads\/2022\/11\/23232331\/VisaIndex.svg\",\"contentUrl\":\"https:\/\/visaindex.s3-accelerate.amazonaws.com\/wp-content\/uploads\/2022\/11\/23232331\/VisaIndex.svg\",\"caption\":\"visaindex.com\"},\"image\":{\"@id\":\"https:\/\/visaindex.com\/pt\/#\/schema\/logo\/image\/\"},\"sameAs\":[\"https:\/\/www.facebook.com\/visaindexglobal\",\"https:\/\/x.com\/VisaIndexGlobal\",\"https:\/\/www.instagram.com\/visaindex\/\"]}]}<\/script>\n<!-- \/ Yoast SEO Premium plugin. -->","yoast_head_json":{"title":"Ranking de Passaportes | visaindex.com","description":"Descubra informa\u00e7\u00f5es sobre a classifica\u00e7\u00e3o de passaportes e verifique a lista de pa\u00edses para os quais seu passaporte permite viajar sem visto.","robots":{"index":"index","follow":"follow","max-snippet":"max-snippet:-1","max-image-preview":"max-image-preview:large","max-video-preview":"max-video-preview:-1"},"canonical":"https:\/\/visaindex.com\/pt\/wp-json\/wp\/v2\/pages\/60376","og_locale":"pt_PT","og_type":"article","og_title":"Ranking de Passaportes","og_url":"https:\/\/visaindex.com\/pt\/ranking-de-passaportes\/","og_site_name":"VisaIndex.com","article_publisher":"https:\/\/www.facebook.com\/visaindexglobal","article_modified_time":"2023-12-08T09:37:24+00:00","twitter_card":"summary_large_image","twitter_site":"@VisaIndexGlobal","schema":{"@context":"https:\/\/schema.org","@graph":[{"@type":"WebPage","@id":"https:\/\/visaindex.com\/pt\/ranking-de-passaportes\/","url":"https:\/\/visaindex.com\/pt\/ranking-de-passaportes\/","name":"Ranking de Passaportes | visaindex.com","isPartOf":{"@id":"https:\/\/visaindex.com\/pt\/#website"},"datePublished":"2020-11-21T14:06:30+00:00","dateModified":"2023-12-08T09:37:24+00:00","description":"Descubra informa\u00e7\u00f5es sobre a classifica\u00e7\u00e3o de passaportes e verifique a lista de pa\u00edses para os quais seu passaporte permite viajar sem visto.","breadcrumb":{"@id":"https:\/\/visaindex.com\/pt\/ranking-de-passaportes\/#breadcrumb"},"inLanguage":"pt","potentialAction":[{"@type":"ReadAction","target":["https:\/\/visaindex.com\/pt\/ranking-de-passaportes\/"]}]},{"@type":"BreadcrumbList","@id":"https:\/\/visaindex.com\/pt\/ranking-de-passaportes\/#breadcrumb","itemListElement":[{"@type":"ListItem","position":1,"name":"Home","item":"https:\/\/visaindex.com\/pt\/"},{"@type":"ListItem","position":2,"name":"Ranking de Passaportes"}]},{"@type":"WebSite","@id":"https:\/\/visaindex.com\/pt\/#website","url":"https:\/\/visaindex.com\/pt\/","name":"Passport Index 2026 | visaindex.com","description":"O visaindex.com \u00e9 um portal \u00fanico para todas as informa\u00e7\u00f5es relacionadas \u00e0 classifica\u00e7\u00e3o de passaportes e oportunidades de viagem sem visto.","publisher":{"@id":"https:\/\/visaindex.com\/pt\/#organization"},"alternateName":"visaindex.com","potentialAction":[{"@type":"SearchAction","target":{"@type":"EntryPoint","urlTemplate":"https:\/\/visaindex.com\/pt\/?s={search_term_string}"},"query-input":{"@type":"PropertyValueSpecification","valueRequired":true,"valueName":"search_term_string"}}],"inLanguage":"pt"},{"@type":"Organization","@id":"https:\/\/visaindex.com\/pt\/#organization","name":"visaindex.com","url":"https:\/\/visaindex.com\/pt\/","logo":{"@type":"ImageObject","inLanguage":"pt","@id":"https:\/\/visaindex.com\/pt\/#\/schema\/logo\/image\/","url":"https:\/\/visaindex.s3-accelerate.amazonaws.com\/wp-content\/uploads\/2022\/11\/23232331\/VisaIndex.svg","contentUrl":"https:\/\/visaindex.s3-accelerate.amazonaws.com\/wp-content\/uploads\/2022\/11\/23232331\/VisaIndex.svg","caption":"visaindex.com"},"image":{"@id":"https:\/\/visaindex.com\/pt\/#\/schema\/logo\/image\/"},"sameAs":["https:\/\/www.facebook.com\/visaindexglobal","https:\/\/x.com\/VisaIndexGlobal","https:\/\/www.instagram.com\/visaindex\/"]}]}},"_links":{"self":[{"href":"https:\/\/visaindex.com\/pt\/wp-json\/wp\/v2\/pages\/60376","targetHints":{"allow":["GET"]}}],"collection":[{"href":"https:\/\/visaindex.com\/pt\/wp-json\/wp\/v2\/pages"}],"about":[{"href":"https:\/\/visaindex.com\/pt\/wp-json\/wp\/v2\/types\/page"}],"author":[{"embeddable":true,"href":"https:\/\/visaindex.com\/pt\/wp-json\/wp\/v2\/users\/3"}],"replies":[{"embeddable":true,"href":"https:\/\/visaindex.com\/pt\/wp-json\/wp\/v2\/comments?post=60376"}],"version-history":[{"count":5,"href":"https:\/\/visaindex.com\/pt\/wp-json\/wp\/v2\/pages\/60376\/revisions"}],"predecessor-version":[{"id":62192,"href":"https:\/\/visaindex.com\/pt\/wp-json\/wp\/v2\/pages\/60376\/revisions\/62192"}],"wp:attachment":[{"href":"https:\/\/visaindex.com\/pt\/wp-json\/wp\/v2\/media?parent=60376"}],"curies":[{"name":"wp","href":"https:\/\/api.w.org\/{rel}","templated":true}]}}