{"id":61914,"date":"2020-11-13T05:34:16","date_gmt":"2020-11-13T01:34:16","guid":{"rendered":"https:\/\/visaindex.com\/?page_id=61914"},"modified":"2023-12-02T21:32:06","modified_gmt":"2023-12-02T17:32:06","slug":"comparar","status":"publish","type":"page","link":"https:\/\/visaindex.com\/pt\/comparar\/","title":{"rendered":"Comparar"},"content":{"rendered":"","protected":false},"excerpt":{"rendered":"","protected":false},"author":9,"featured_media":0,"parent":0,"menu_order":0,"comment_status":"closed","ping_status":"closed","template":"","meta":{"_acf_changed":false,"inline_featured_image":false,"footnotes":""},"class_list":["post-61914","page","type-page","status-publish","hentry"],"acf":[],"yoast_head":"<!-- This site is optimized with the Yoast SEO Premium plugin v25.7.1 (Yoast SEO v25.7) - https:\/\/yoast.com\/wordpress\/plugins\/seo\/ -->\n<title>Comparar | visaindex.com<\/title>\n<meta name=\"robots\" content=\"noindex, follow\" \/>\n<meta property=\"og:locale\" content=\"pt_PT\" \/>\n<meta property=\"og:type\" content=\"article\" \/>\n<meta property=\"og:title\" content=\"Comparar\" \/>\n<meta property=\"og:url\" content=\"https:\/\/visaindex.com\/pt\/comparar\/\" \/>\n<meta property=\"og:site_name\" content=\"VisaIndex.com\" \/>\n<meta property=\"article:publisher\" content=\"https:\/\/www.facebook.com\/visaindexglobal\" \/>\n<meta property=\"article:modified_time\" content=\"2023-12-02T17:32:06+00:00\" \/>\n<meta name=\"twitter:card\" content=\"summary_large_image\" \/>\n<meta name=\"twitter:site\" content=\"@VisaIndexGlobal\" \/>\n<script type=\"application\/ld+json\" class=\"yoast-schema-graph\">{\"@context\":\"https:\/\/schema.org\",\"@graph\":[{\"@type\":\"WebPage\",\"@id\":\"https:\/\/visaindex.com\/pt\/comparar\/\",\"url\":\"https:\/\/visaindex.com\/pt\/comparar\/\",\"name\":\"Comparar | visaindex.com\",\"isPartOf\":{\"@id\":\"https:\/\/visaindex.com\/pt\/#website\"},\"datePublished\":\"2020-11-13T01:34:16+00:00\",\"dateModified\":\"2023-12-02T17:32:06+00:00\",\"breadcrumb\":{\"@id\":\"https:\/\/visaindex.com\/pt\/comparar\/#breadcrumb\"},\"inLanguage\":\"pt\",\"potentialAction\":[{\"@type\":\"ReadAction\",\"target\":[\"https:\/\/visaindex.com\/pt\/comparar\/\"]}]},{\"@type\":\"BreadcrumbList\",\"@id\":\"https:\/\/visaindex.com\/pt\/comparar\/#breadcrumb\",\"itemListElement\":[{\"@type\":\"ListItem\",\"position\":1,\"name\":\"Home\",\"item\":\"https:\/\/visaindex.com\/pt\/\"},{\"@type\":\"ListItem\",\"position\":2,\"name\":\"Comparar\"}]},{\"@type\":\"WebSite\",\"@id\":\"https:\/\/visaindex.com\/pt\/#website\",\"url\":\"https:\/\/visaindex.com\/pt\/\",\"name\":\"Passport Index 2026 | visaindex.com\",\"description\":\"O visaindex.com \u00e9 um portal \u00fanico para todas as informa\u00e7\u00f5es relacionadas \u00e0 classifica\u00e7\u00e3o de passaportes e oportunidades de viagem sem visto.\",\"publisher\":{\"@id\":\"https:\/\/visaindex.com\/pt\/#organization\"},\"alternateName\":\"visaindex.com\",\"potentialAction\":[{\"@type\":\"SearchAction\",\"target\":{\"@type\":\"EntryPoint\",\"urlTemplate\":\"https:\/\/visaindex.com\/pt\/?s={search_term_string}\"},\"query-input\":{\"@type\":\"PropertyValueSpecification\",\"valueRequired\":true,\"valueName\":\"search_term_string\"}}],\"inLanguage\":\"pt\"},{\"@type\":\"Organization\",\"@id\":\"https:\/\/visaindex.com\/pt\/#organization\",\"name\":\"visaindex.com\",\"url\":\"https:\/\/visaindex.com\/pt\/\",\"logo\":{\"@type\":\"ImageObject\",\"inLanguage\":\"pt\",\"@id\":\"https:\/\/visaindex.com\/pt\/#\/schema\/logo\/image\/\",\"url\":\"https:\/\/visaindex.s3-accelerate.amazonaws.com\/wp-content\/uploads\/2022\/11\/23232331\/VisaIndex.svg\",\"contentUrl\":\"https:\/\/visaindex.s3-accelerate.amazonaws.com\/wp-content\/uploads\/2022\/11\/23232331\/VisaIndex.svg\",\"caption\":\"visaindex.com\"},\"image\":{\"@id\":\"https:\/\/visaindex.com\/pt\/#\/schema\/logo\/image\/\"},\"sameAs\":[\"https:\/\/www.facebook.com\/visaindexglobal\",\"https:\/\/x.com\/VisaIndexGlobal\",\"https:\/\/www.instagram.com\/visaindex\/\"]}]}<\/script>\n<!-- \/ Yoast SEO Premium plugin. -->","yoast_head_json":{"title":"Comparar | visaindex.com","robots":{"index":"noindex","follow":"follow"},"og_locale":"pt_PT","og_type":"article","og_title":"Comparar","og_url":"https:\/\/visaindex.com\/pt\/comparar\/","og_site_name":"VisaIndex.com","article_publisher":"https:\/\/www.facebook.com\/visaindexglobal","article_modified_time":"2023-12-02T17:32:06+00:00","twitter_card":"summary_large_image","twitter_site":"@VisaIndexGlobal","schema":{"@context":"https:\/\/schema.org","@graph":[{"@type":"WebPage","@id":"https:\/\/visaindex.com\/pt\/comparar\/","url":"https:\/\/visaindex.com\/pt\/comparar\/","name":"Comparar | visaindex.com","isPartOf":{"@id":"https:\/\/visaindex.com\/pt\/#website"},"datePublished":"2020-11-13T01:34:16+00:00","dateModified":"2023-12-02T17:32:06+00:00","breadcrumb":{"@id":"https:\/\/visaindex.com\/pt\/comparar\/#breadcrumb"},"inLanguage":"pt","potentialAction":[{"@type":"ReadAction","target":["https:\/\/visaindex.com\/pt\/comparar\/"]}]},{"@type":"BreadcrumbList","@id":"https:\/\/visaindex.com\/pt\/comparar\/#breadcrumb","itemListElement":[{"@type":"ListItem","position":1,"name":"Home","item":"https:\/\/visaindex.com\/pt\/"},{"@type":"ListItem","position":2,"name":"Comparar"}]},{"@type":"WebSite","@id":"https:\/\/visaindex.com\/pt\/#website","url":"https:\/\/visaindex.com\/pt\/","name":"Passport Index 2026 | visaindex.com","description":"O visaindex.com \u00e9 um portal \u00fanico para todas as informa\u00e7\u00f5es relacionadas \u00e0 classifica\u00e7\u00e3o de passaportes e oportunidades de viagem sem visto.","publisher":{"@id":"https:\/\/visaindex.com\/pt\/#organization"},"alternateName":"visaindex.com","potentialAction":[{"@type":"SearchAction","target":{"@type":"EntryPoint","urlTemplate":"https:\/\/visaindex.com\/pt\/?s={search_term_string}"},"query-input":{"@type":"PropertyValueSpecification","valueRequired":true,"valueName":"search_term_string"}}],"inLanguage":"pt"},{"@type":"Organization","@id":"https:\/\/visaindex.com\/pt\/#organization","name":"visaindex.com","url":"https:\/\/visaindex.com\/pt\/","logo":{"@type":"ImageObject","inLanguage":"pt","@id":"https:\/\/visaindex.com\/pt\/#\/schema\/logo\/image\/","url":"https:\/\/visaindex.s3-accelerate.amazonaws.com\/wp-content\/uploads\/2022\/11\/23232331\/VisaIndex.svg","contentUrl":"https:\/\/visaindex.s3-accelerate.amazonaws.com\/wp-content\/uploads\/2022\/11\/23232331\/VisaIndex.svg","caption":"visaindex.com"},"image":{"@id":"https:\/\/visaindex.com\/pt\/#\/schema\/logo\/image\/"},"sameAs":["https:\/\/www.facebook.com\/visaindexglobal","https:\/\/x.com\/VisaIndexGlobal","https:\/\/www.instagram.com\/visaindex\/"]}]}},"_links":{"self":[{"href":"https:\/\/visaindex.com\/pt\/wp-json\/wp\/v2\/pages\/61914","targetHints":{"allow":["GET"]}}],"collection":[{"href":"https:\/\/visaindex.com\/pt\/wp-json\/wp\/v2\/pages"}],"about":[{"href":"https:\/\/visaindex.com\/pt\/wp-json\/wp\/v2\/types\/page"}],"author":[{"embeddable":true,"href":"https:\/\/visaindex.com\/pt\/wp-json\/wp\/v2\/users\/9"}],"replies":[{"embeddable":true,"href":"https:\/\/visaindex.com\/pt\/wp-json\/wp\/v2\/comments?post=61914"}],"version-history":[{"count":1,"href":"https:\/\/visaindex.com\/pt\/wp-json\/wp\/v2\/pages\/61914\/revisions"}],"predecessor-version":[{"id":61916,"href":"https:\/\/visaindex.com\/pt\/wp-json\/wp\/v2\/pages\/61914\/revisions\/61916"}],"wp:attachment":[{"href":"https:\/\/visaindex.com\/pt\/wp-json\/wp\/v2\/media?parent=61914"}],"curies":[{"name":"wp","href":"https:\/\/api.w.org\/{rel}","templated":true}]}}