{"id":34052,"date":"2020-11-09T05:06:02","date_gmt":"2020-11-09T01:06:02","guid":{"rendered":"https:\/\/visaindex.com\/?page_id=34052"},"modified":"2025-10-26T19:08:21","modified_gmt":"2025-10-26T15:08:21","slug":"about-us","status":"publish","type":"page","link":"https:\/\/visaindex.com\/tr\/about-us\/","title":{"rendered":"Hakk\u0131m\u0131zda"},"content":{"rendered":"<h2 style=\"font-weight: 400;\"><strong>Biz Kimiz<\/strong><\/h2>\n<p style=\"font-weight: 400;\">VisaIndex.com ekonomik vatanda\u015fl\u0131k ve yat\u0131r\u0131m yoluyla ikamet programlar\u0131nda d\u00fcnya lideri Guide Consultants&#8217;\u0131n sahip oldu\u011fu ve y\u00f6netti\u011fi bir internet sitesidir.<\/p>\n<p style=\"font-weight: 400;\">VisaIndex.com, kullan\u0131c\u0131lar\u0131na en g\u00fcncel k\u00fcresel pasaport s\u0131ralamas\u0131 bilgilerini online bir platform arac\u0131l\u0131\u011f\u0131yla sunmaki\u00e7in kurulmu\u015ftur. Uzmanlardan olu\u015fan ekibimiz, \u00e7ok se\u00e7kin yerlerden toplanan fazlas\u0131yla g\u00fcvenilir verileri kullanarak d\u00fcnyadaki her bir pasaportun s\u0131ralamas\u0131 hakk\u0131nda bilgi verir. Bizim amac\u0131m\u0131z, VisaIndex.com sitesini, k\u00fcresel seyahat eden ki\u015filerin gerekli bilgileri edinebilecekleri de\u011ferli bir platform h\u00e2line getirmektir. T\u00fcm d\u00fcnyadan pasaport sahiplerinin \u00fclkelere \u00f6zel giri\u015f \u015fartlar\u0131n\u0131 \u00f6\u011frenmek istedi\u011fi zaman ziyaret edece\u011fi tek durak olmak istiyoruz. Umuyoruz ki pasaport sahipleri VisaIndex.com sitesini kullanarak seyahatlerini daha ak\u0131ll\u0131ca planlayabilirler.<\/p>\n<h2 style=\"font-weight: 400;\"><strong>Pasaport S\u0131ralama Sistemi: Nas\u0131l \u00c7al\u0131\u015f\u0131r<\/strong><\/h2>\n<p style=\"font-weight: 400;\">Bir pasaportun s\u0131ralamas\u0131, sa\u011flad\u0131\u011f\u0131 hareket \u00f6zg\u00fcrl\u00fc\u011f\u00fcne g\u00f6re belirlenir. Bir ki\u015finin vizesiz girebildi\u011fi \u00fclke say\u0131s\u0131 ne kadar fazlaysa sahip oldu\u011fu pasaport da o kadar g\u00fc\u00e7l\u00fcd\u00fcr. D\u00fcnyan\u0131n en g\u00fc\u00e7l\u00fc pasaportlar\u0131, sahiplerine en fazla &#8220;vizesiz&#8221; eri\u015fim sa\u011flayand\u0131r. Bir pasaport ne kadar fazla vizesiz eri\u015fim sa\u011flarsa di\u011fer pasaportlara g\u00f6re s\u0131ras\u0131 o kadar y\u00fcksek olur.<\/p>\n<p style=\"font-weight: 400;\">VisaIndex.com, bir pasaportun s\u0131ras\u0131n\u0131, pasaport sahibinin vizesiz girebildi\u011fi \u00fclke say\u0131s\u0131na g\u00f6re belirler. Biz her pasaport sahibinin vizesiz, var\u0131\u015fta vize ya da Elektronik Seyahat Belgesi&#8217;yle (eTA) girebildi\u011fi \u00fclkelere bakar ve ona g\u00f6re bir hesaplama yapar\u0131z.<\/p>\n<p style=\"font-weight: 400;\">T\u00fcm bu bilgileri kullan\u0131p pasaportlar\u0131 de\u011ferlendirmenin yan\u0131 s\u0131ra, bu bilgileri siz seyahatseverlere ula\u015ft\u0131r\u0131r\u0131z. Pasaportlar\u0131n s\u0131ralamas\u0131n\u0131 \u00f6\u011frenirken bir \u00fclkenin di\u011fer \u00fclkelere g\u00f6re pozisyonlar\u0131n\u0131 belirleyen verilere de eri\u015febilirsiniz. Her pasaport i\u00e7in pasaport sahiplerinin eri\u015fimlerini \u015fu \u015fekilde listeleriz:<\/p>\n<ol>\n<li style=\"font-weight: 400;\">Vizesiz<\/li>\n<li style=\"font-weight: 400;\">Var\u0131\u015fta vize<\/li>\n<li style=\"font-weight: 400;\">eTA<\/li>\n<\/ol>\n<p style=\"font-weight: 400;\">Bir pasaportun yukar\u0131daki avantajlar\u0131\u0131n yan\u0131 s\u0131ra (vizesiz eri\u015fim vb.), online vize ba\u015fvurusu ile birlikte &#8220;Vize Gereken&#8221; \u00fclkeleri de listeleriz. Bu \u00fclkeler i\u00e7in pasaport sahiplerinin seyahat \u00f6ncesinde vize almalar\u0131 gerekir.<\/p>\n<h2 style=\"font-weight: 400;\"><strong>Vizyon<\/strong><\/h2>\n<p style=\"font-weight: 400;\">VisaIndex.com&#8217;da herkesin pasaport s\u0131ralamas\u0131 i\u00e7in g\u00fcvenli bir kayna\u011fa an\u0131nda ula\u015fabilmelerini ama\u00e7lar\u0131z.<\/p>\n<h2 style=\"font-weight: 400;\"><strong>Hedef<\/strong><\/h2>\n<p style=\"font-weight: 400;\">VisaIndex.com, k\u00fcresel pasaport s\u0131ralamas\u0131 i\u00e7in en g\u00fcvenilen online site olma amac\u0131yla kurulmu\u015ftur. Uzmanlar\u0131m\u0131z\u0131n olu\u015fturdu\u011fu bu s\u0131ralamaya ve size ula\u015ft\u0131rd\u0131\u011f\u0131m\u0131z verilere b\u00fcy\u00fck g\u00fcven duyar\u0131z.\u00a0 Sade format\u0131m\u0131z ve kolay anla\u015f\u0131l\u0131rsunumumuzla, bu karma\u015f\u0131k say\u0131labilecek metodolojiyi basit bir h\u00e2le getirerek seyahatseverler i\u00e7in \u00fcst\u00fcn bir kullan\u0131c\u0131 deneyimi ya\u015fatmaya \u00e7al\u0131\u015f\u0131r\u0131z. Ekibimiz k\u00fcresel pasaport s\u0131ralamas\u0131 ve vize y\u00f6netiminde meydana gelen de\u011fi\u015fiklikleri yakinen takip eder ve sitemizi buna g\u00f6re d\u00fczenli olarak g\u00fcnceller.<\/p>\n<h2 style=\"font-weight: 400;\"><strong>De\u011ferler<\/strong><strong>\u00a0<\/strong><\/h2>\n<p style=\"font-weight: 400;\">VisaIndex.com \u015feffafl\u0131k, g\u00fcvenilirlik ve etik hizmet sa\u011flama \u015feklindeki temel de\u011ferlerine sonuna kadar ba\u011fl\u0131d\u0131r. G\u00fcvenli bir pasaport sistemini yaln\u0131zca en g\u00fcncel ve ger\u00e7ek bilgileri kullanarak olu\u015fturaca\u011f\u0131m\u0131z siz kullan\u0131c\u0131lar\u0131m\u0131za taahh\u00fct ederiz.<\/p>\n<h2 style=\"font-weight: 400;\"><strong>Profesyonellik ve Uzmanl\u0131k<\/strong><strong>\u00a0<\/strong><\/h2>\n<p style=\"font-weight: 400;\">VisaIndex.com rakiplerinden, vize ve pasaport uzmanlar\u0131ndan olu\u015fan se\u00e7kin ekibiyle ayr\u0131l\u0131r. Bu alandaki on y\u0131l\u0131 a\u015fk\u0131n uzmanl\u0131\u011f\u0131m\u0131zla size en do\u011fru bilgileri aktar\u0131r\u0131z.<\/p>\n","protected":false},"excerpt":{"rendered":"<p>Biz Kimiz VisaIndex.com ekonomik vatanda\u015fl\u0131k ve yat\u0131r\u0131m yoluyla ikamet programlar\u0131nda d\u00fcnya lideri Guide Consultants&#8217;\u0131n sahip oldu\u011fu ve y\u00f6netti\u011fi bir internet [&hellip;]<\/p>\n","protected":false},"author":9,"featured_media":0,"parent":0,"menu_order":0,"comment_status":"closed","ping_status":"closed","template":"","meta":{"_acf_changed":false,"inline_featured_image":false,"footnotes":""},"class_list":["post-34052","page","type-page","status-publish","hentry"],"acf":[],"yoast_head":"<!-- This site is optimized with the Yoast SEO Premium plugin v25.7.1 (Yoast SEO v25.7) - https:\/\/yoast.com\/wordpress\/plugins\/seo\/ -->\n<title>Hakk\u0131m\u0131zda | Pasaport S\u0131ralamas\u0131 2026<\/title>\n<meta name=\"description\" content=\"Visaindex.com, ekonomik vatanda\u015fl\u0131k ve yat\u0131r\u0131m yoluyla ikamet programlar\u0131 hakk\u0131nda d\u00fcnya lideri olan Guide Consultant\u2019\u0131n sahip oldu\u011fu ve y\u00f6netti\u011fi bir sitedir\" \/>\n<meta name=\"robots\" content=\"index, follow, max-snippet:-1, max-image-preview:large, max-video-preview:-1\" \/>\n<link rel=\"canonical\" href=\"https:\/\/visaindex.com\/tr\/wp-json\/wp\/v2\/pages\/34052\" \/>\n<meta property=\"og:locale\" content=\"tr_TR\" \/>\n<meta property=\"og:type\" content=\"article\" \/>\n<meta property=\"og:title\" content=\"Hakk\u0131m\u0131zda\" \/>\n<meta property=\"og:description\" content=\"Biz Kimiz VisaIndex.com ekonomik vatanda\u015fl\u0131k ve yat\u0131r\u0131m yoluyla ikamet programlar\u0131nda d\u00fcnya lideri Guide Consultants&#039;\u0131n sahip oldu\u011fu ve y\u00f6netti\u011fi bir\" \/>\n<meta property=\"og:url\" content=\"https:\/\/visaindex.com\/tr\/about-us\/\" \/>\n<meta property=\"og:site_name\" content=\"VisaIndex.com\" \/>\n<meta property=\"article:publisher\" content=\"https:\/\/www.facebook.com\/visaindexglobal\" \/>\n<meta property=\"article:modified_time\" content=\"2025-10-26T15:08:21+00:00\" \/>\n<meta name=\"twitter:card\" content=\"summary_large_image\" \/>\n<meta name=\"twitter:site\" content=\"@VisaIndexGlobal\" \/>\n<meta name=\"twitter:label1\" content=\"Tahmini okuma s\u00fcresi\" \/>\n\t<meta name=\"twitter:data1\" content=\"2 dakika\" \/>\n<script type=\"application\/ld+json\" class=\"yoast-schema-graph\">{\"@context\":\"https:\/\/schema.org\",\"@graph\":[{\"@type\":\"WebPage\",\"@id\":\"https:\/\/visaindex.com\/tr\/about-us\/\",\"url\":\"https:\/\/visaindex.com\/tr\/about-us\/\",\"name\":\"Hakk\u0131m\u0131zda | Pasaport S\u0131ralamas\u0131 2026\",\"isPartOf\":{\"@id\":\"https:\/\/visaindex.com\/tr\/#website\"},\"datePublished\":\"2020-11-09T01:06:02+00:00\",\"dateModified\":\"2025-10-26T15:08:21+00:00\",\"description\":\"Visaindex.com, ekonomik vatanda\u015fl\u0131k ve yat\u0131r\u0131m yoluyla ikamet programlar\u0131 hakk\u0131nda d\u00fcnya lideri olan Guide Consultant\u2019\u0131n sahip oldu\u011fu ve y\u00f6netti\u011fi bir sitedir\",\"breadcrumb\":{\"@id\":\"https:\/\/visaindex.com\/tr\/about-us\/#breadcrumb\"},\"inLanguage\":\"tr\",\"potentialAction\":[{\"@type\":\"ReadAction\",\"target\":[\"https:\/\/visaindex.com\/tr\/about-us\/\"]}]},{\"@type\":\"BreadcrumbList\",\"@id\":\"https:\/\/visaindex.com\/tr\/about-us\/#breadcrumb\",\"itemListElement\":[{\"@type\":\"ListItem\",\"position\":1,\"name\":\"Home\",\"item\":\"https:\/\/visaindex.com\/tr\/\"},{\"@type\":\"ListItem\",\"position\":2,\"name\":\"Hakk\u0131m\u0131zda\"}]},{\"@type\":\"WebSite\",\"@id\":\"https:\/\/visaindex.com\/tr\/#website\",\"url\":\"https:\/\/visaindex.com\/tr\/\",\"name\":\"Passport Index 2026 | visaindex.com\",\"description\":\"Visaindex.com pasaport s\u0131ralamas\u0131 ve vizesiz seyahat f\u0131rsatlar\u0131 hakk\u0131ndaki b\u00fct\u00fcn bilgiler i\u00e7in tek dura\u011f\u0131n\u0131zd\u0131r\",\"publisher\":{\"@id\":\"https:\/\/visaindex.com\/tr\/#organization\"},\"alternateName\":\"visaindex.com\",\"potentialAction\":[{\"@type\":\"SearchAction\",\"target\":{\"@type\":\"EntryPoint\",\"urlTemplate\":\"https:\/\/visaindex.com\/tr\/?s={search_term_string}\"},\"query-input\":{\"@type\":\"PropertyValueSpecification\",\"valueRequired\":true,\"valueName\":\"search_term_string\"}}],\"inLanguage\":\"tr\"},{\"@type\":\"Organization\",\"@id\":\"https:\/\/visaindex.com\/tr\/#organization\",\"name\":\"visaindex.com\",\"url\":\"https:\/\/visaindex.com\/tr\/\",\"logo\":{\"@type\":\"ImageObject\",\"inLanguage\":\"tr\",\"@id\":\"https:\/\/visaindex.com\/tr\/#\/schema\/logo\/image\/\",\"url\":\"https:\/\/visaindex.s3-accelerate.amazonaws.com\/wp-content\/uploads\/2022\/11\/23232331\/VisaIndex.svg\",\"contentUrl\":\"https:\/\/visaindex.s3-accelerate.amazonaws.com\/wp-content\/uploads\/2022\/11\/23232331\/VisaIndex.svg\",\"caption\":\"visaindex.com\"},\"image\":{\"@id\":\"https:\/\/visaindex.com\/tr\/#\/schema\/logo\/image\/\"},\"sameAs\":[\"https:\/\/www.facebook.com\/visaindexglobal\",\"https:\/\/x.com\/VisaIndexGlobal\",\"https:\/\/www.instagram.com\/visaindex\/\"]}]}<\/script>\n<!-- \/ Yoast SEO Premium plugin. -->","yoast_head_json":{"title":"Hakk\u0131m\u0131zda | Pasaport S\u0131ralamas\u0131 2026","description":"Visaindex.com, ekonomik vatanda\u015fl\u0131k ve yat\u0131r\u0131m yoluyla ikamet programlar\u0131 hakk\u0131nda d\u00fcnya lideri olan Guide Consultant\u2019\u0131n sahip oldu\u011fu ve y\u00f6netti\u011fi bir sitedir","robots":{"index":"index","follow":"follow","max-snippet":"max-snippet:-1","max-image-preview":"max-image-preview:large","max-video-preview":"max-video-preview:-1"},"canonical":"https:\/\/visaindex.com\/tr\/wp-json\/wp\/v2\/pages\/34052","og_locale":"tr_TR","og_type":"article","og_title":"Hakk\u0131m\u0131zda","og_description":"Biz Kimiz VisaIndex.com ekonomik vatanda\u015fl\u0131k ve yat\u0131r\u0131m yoluyla ikamet programlar\u0131nda d\u00fcnya lideri Guide Consultants'\u0131n sahip oldu\u011fu ve y\u00f6netti\u011fi bir","og_url":"https:\/\/visaindex.com\/tr\/about-us\/","og_site_name":"VisaIndex.com","article_publisher":"https:\/\/www.facebook.com\/visaindexglobal","article_modified_time":"2025-10-26T15:08:21+00:00","twitter_card":"summary_large_image","twitter_site":"@VisaIndexGlobal","twitter_misc":{"Tahmini okuma s\u00fcresi":"2 dakika"},"schema":{"@context":"https:\/\/schema.org","@graph":[{"@type":"WebPage","@id":"https:\/\/visaindex.com\/tr\/about-us\/","url":"https:\/\/visaindex.com\/tr\/about-us\/","name":"Hakk\u0131m\u0131zda | Pasaport S\u0131ralamas\u0131 2026","isPartOf":{"@id":"https:\/\/visaindex.com\/tr\/#website"},"datePublished":"2020-11-09T01:06:02+00:00","dateModified":"2025-10-26T15:08:21+00:00","description":"Visaindex.com, ekonomik vatanda\u015fl\u0131k ve yat\u0131r\u0131m yoluyla ikamet programlar\u0131 hakk\u0131nda d\u00fcnya lideri olan Guide Consultant\u2019\u0131n sahip oldu\u011fu ve y\u00f6netti\u011fi bir sitedir","breadcrumb":{"@id":"https:\/\/visaindex.com\/tr\/about-us\/#breadcrumb"},"inLanguage":"tr","potentialAction":[{"@type":"ReadAction","target":["https:\/\/visaindex.com\/tr\/about-us\/"]}]},{"@type":"BreadcrumbList","@id":"https:\/\/visaindex.com\/tr\/about-us\/#breadcrumb","itemListElement":[{"@type":"ListItem","position":1,"name":"Home","item":"https:\/\/visaindex.com\/tr\/"},{"@type":"ListItem","position":2,"name":"Hakk\u0131m\u0131zda"}]},{"@type":"WebSite","@id":"https:\/\/visaindex.com\/tr\/#website","url":"https:\/\/visaindex.com\/tr\/","name":"Passport Index 2026 | visaindex.com","description":"Visaindex.com pasaport s\u0131ralamas\u0131 ve vizesiz seyahat f\u0131rsatlar\u0131 hakk\u0131ndaki b\u00fct\u00fcn bilgiler i\u00e7in tek dura\u011f\u0131n\u0131zd\u0131r","publisher":{"@id":"https:\/\/visaindex.com\/tr\/#organization"},"alternateName":"visaindex.com","potentialAction":[{"@type":"SearchAction","target":{"@type":"EntryPoint","urlTemplate":"https:\/\/visaindex.com\/tr\/?s={search_term_string}"},"query-input":{"@type":"PropertyValueSpecification","valueRequired":true,"valueName":"search_term_string"}}],"inLanguage":"tr"},{"@type":"Organization","@id":"https:\/\/visaindex.com\/tr\/#organization","name":"visaindex.com","url":"https:\/\/visaindex.com\/tr\/","logo":{"@type":"ImageObject","inLanguage":"tr","@id":"https:\/\/visaindex.com\/tr\/#\/schema\/logo\/image\/","url":"https:\/\/visaindex.s3-accelerate.amazonaws.com\/wp-content\/uploads\/2022\/11\/23232331\/VisaIndex.svg","contentUrl":"https:\/\/visaindex.s3-accelerate.amazonaws.com\/wp-content\/uploads\/2022\/11\/23232331\/VisaIndex.svg","caption":"visaindex.com"},"image":{"@id":"https:\/\/visaindex.com\/tr\/#\/schema\/logo\/image\/"},"sameAs":["https:\/\/www.facebook.com\/visaindexglobal","https:\/\/x.com\/VisaIndexGlobal","https:\/\/www.instagram.com\/visaindex\/"]}]}},"_links":{"self":[{"href":"https:\/\/visaindex.com\/tr\/wp-json\/wp\/v2\/pages\/34052","targetHints":{"allow":["GET"]}}],"collection":[{"href":"https:\/\/visaindex.com\/tr\/wp-json\/wp\/v2\/pages"}],"about":[{"href":"https:\/\/visaindex.com\/tr\/wp-json\/wp\/v2\/types\/page"}],"author":[{"embeddable":true,"href":"https:\/\/visaindex.com\/tr\/wp-json\/wp\/v2\/users\/9"}],"replies":[{"embeddable":true,"href":"https:\/\/visaindex.com\/tr\/wp-json\/wp\/v2\/comments?post=34052"}],"version-history":[{"count":1,"href":"https:\/\/visaindex.com\/tr\/wp-json\/wp\/v2\/pages\/34052\/revisions"}],"predecessor-version":[{"id":69939,"href":"https:\/\/visaindex.com\/tr\/wp-json\/wp\/v2\/pages\/34052\/revisions\/69939"}],"wp:attachment":[{"href":"https:\/\/visaindex.com\/tr\/wp-json\/wp\/v2\/media?parent=34052"}],"curies":[{"name":"wp","href":"https:\/\/api.w.org\/{rel}","templated":true}]}}