{"id":34066,"date":"2021-11-06T16:32:05","date_gmt":"2021-11-06T12:32:05","guid":{"rendered":"https:\/\/visaindex.com\/?page_id=34066"},"modified":"2023-12-12T12:38:50","modified_gmt":"2023-12-12T08:38:50","slug":"vize","status":"publish","type":"page","link":"https:\/\/visaindex.com\/tr\/vize\/","title":{"rendered":"Vize"},"content":{"rendered":"","protected":false},"excerpt":{"rendered":"","protected":false},"author":9,"featured_media":0,"parent":0,"menu_order":0,"comment_status":"closed","ping_status":"closed","template":"","meta":{"_acf_changed":false,"inline_featured_image":false,"footnotes":""},"class_list":["post-34066","page","type-page","status-publish","hentry"],"acf":[],"yoast_head":"<!-- This site is optimized with the Yoast SEO Premium plugin v25.7.1 (Yoast SEO v25.7) - https:\/\/yoast.com\/wordpress\/plugins\/seo\/ -->\n<title>Vize | visaindex.com<\/title>\n<meta name=\"robots\" content=\"index, follow, max-snippet:-1, max-image-preview:large, max-video-preview:-1\" \/>\n<link rel=\"canonical\" href=\"https:\/\/visaindex.com\/tr\/wp-json\/wp\/v2\/pages\/34066\" \/>\n<meta property=\"og:locale\" content=\"tr_TR\" \/>\n<meta property=\"og:type\" content=\"article\" \/>\n<meta property=\"og:title\" content=\"Vize\" \/>\n<meta property=\"og:url\" content=\"https:\/\/visaindex.com\/tr\/vize\/\" \/>\n<meta property=\"og:site_name\" content=\"VisaIndex.com\" \/>\n<meta property=\"article:publisher\" content=\"https:\/\/www.facebook.com\/visaindexglobal\" \/>\n<meta property=\"article:modified_time\" content=\"2023-12-12T08:38:50+00:00\" \/>\n<meta name=\"twitter:card\" content=\"summary_large_image\" \/>\n<meta name=\"twitter:site\" content=\"@VisaIndexGlobal\" \/>\n<script type=\"application\/ld+json\" class=\"yoast-schema-graph\">{\"@context\":\"https:\/\/schema.org\",\"@graph\":[{\"@type\":\"WebPage\",\"@id\":\"https:\/\/visaindex.com\/tr\/vize\/\",\"url\":\"https:\/\/visaindex.com\/tr\/vize\/\",\"name\":\"Vize | visaindex.com\",\"isPartOf\":{\"@id\":\"https:\/\/visaindex.com\/tr\/#website\"},\"datePublished\":\"2021-11-06T12:32:05+00:00\",\"dateModified\":\"2023-12-12T08:38:50+00:00\",\"breadcrumb\":{\"@id\":\"https:\/\/visaindex.com\/tr\/vize\/#breadcrumb\"},\"inLanguage\":\"tr\",\"potentialAction\":[{\"@type\":\"ReadAction\",\"target\":[\"https:\/\/visaindex.com\/tr\/vize\/\"]}]},{\"@type\":\"BreadcrumbList\",\"@id\":\"https:\/\/visaindex.com\/tr\/vize\/#breadcrumb\",\"itemListElement\":[{\"@type\":\"ListItem\",\"position\":1,\"name\":\"Home\",\"item\":\"https:\/\/visaindex.com\/tr\/\"},{\"@type\":\"ListItem\",\"position\":2,\"name\":\"Vize\"}]},{\"@type\":\"WebSite\",\"@id\":\"https:\/\/visaindex.com\/tr\/#website\",\"url\":\"https:\/\/visaindex.com\/tr\/\",\"name\":\"Passport Index 2026 | visaindex.com\",\"description\":\"Visaindex.com pasaport s\u0131ralamas\u0131 ve vizesiz seyahat f\u0131rsatlar\u0131 hakk\u0131ndaki b\u00fct\u00fcn bilgiler i\u00e7in tek dura\u011f\u0131n\u0131zd\u0131r\",\"publisher\":{\"@id\":\"https:\/\/visaindex.com\/tr\/#organization\"},\"alternateName\":\"visaindex.com\",\"potentialAction\":[{\"@type\":\"SearchAction\",\"target\":{\"@type\":\"EntryPoint\",\"urlTemplate\":\"https:\/\/visaindex.com\/tr\/?s={search_term_string}\"},\"query-input\":{\"@type\":\"PropertyValueSpecification\",\"valueRequired\":true,\"valueName\":\"search_term_string\"}}],\"inLanguage\":\"tr\"},{\"@type\":\"Organization\",\"@id\":\"https:\/\/visaindex.com\/tr\/#organization\",\"name\":\"visaindex.com\",\"url\":\"https:\/\/visaindex.com\/tr\/\",\"logo\":{\"@type\":\"ImageObject\",\"inLanguage\":\"tr\",\"@id\":\"https:\/\/visaindex.com\/tr\/#\/schema\/logo\/image\/\",\"url\":\"https:\/\/visaindex.s3-accelerate.amazonaws.com\/wp-content\/uploads\/2022\/11\/23232331\/VisaIndex.svg\",\"contentUrl\":\"https:\/\/visaindex.s3-accelerate.amazonaws.com\/wp-content\/uploads\/2022\/11\/23232331\/VisaIndex.svg\",\"caption\":\"visaindex.com\"},\"image\":{\"@id\":\"https:\/\/visaindex.com\/tr\/#\/schema\/logo\/image\/\"},\"sameAs\":[\"https:\/\/www.facebook.com\/visaindexglobal\",\"https:\/\/x.com\/VisaIndexGlobal\",\"https:\/\/www.instagram.com\/visaindex\/\"]}]}<\/script>\n<!-- \/ Yoast SEO Premium plugin. -->","yoast_head_json":{"title":"Vize | visaindex.com","robots":{"index":"index","follow":"follow","max-snippet":"max-snippet:-1","max-image-preview":"max-image-preview:large","max-video-preview":"max-video-preview:-1"},"canonical":"https:\/\/visaindex.com\/tr\/wp-json\/wp\/v2\/pages\/34066","og_locale":"tr_TR","og_type":"article","og_title":"Vize","og_url":"https:\/\/visaindex.com\/tr\/vize\/","og_site_name":"VisaIndex.com","article_publisher":"https:\/\/www.facebook.com\/visaindexglobal","article_modified_time":"2023-12-12T08:38:50+00:00","twitter_card":"summary_large_image","twitter_site":"@VisaIndexGlobal","schema":{"@context":"https:\/\/schema.org","@graph":[{"@type":"WebPage","@id":"https:\/\/visaindex.com\/tr\/vize\/","url":"https:\/\/visaindex.com\/tr\/vize\/","name":"Vize | visaindex.com","isPartOf":{"@id":"https:\/\/visaindex.com\/tr\/#website"},"datePublished":"2021-11-06T12:32:05+00:00","dateModified":"2023-12-12T08:38:50+00:00","breadcrumb":{"@id":"https:\/\/visaindex.com\/tr\/vize\/#breadcrumb"},"inLanguage":"tr","potentialAction":[{"@type":"ReadAction","target":["https:\/\/visaindex.com\/tr\/vize\/"]}]},{"@type":"BreadcrumbList","@id":"https:\/\/visaindex.com\/tr\/vize\/#breadcrumb","itemListElement":[{"@type":"ListItem","position":1,"name":"Home","item":"https:\/\/visaindex.com\/tr\/"},{"@type":"ListItem","position":2,"name":"Vize"}]},{"@type":"WebSite","@id":"https:\/\/visaindex.com\/tr\/#website","url":"https:\/\/visaindex.com\/tr\/","name":"Passport Index 2026 | visaindex.com","description":"Visaindex.com pasaport s\u0131ralamas\u0131 ve vizesiz seyahat f\u0131rsatlar\u0131 hakk\u0131ndaki b\u00fct\u00fcn bilgiler i\u00e7in tek dura\u011f\u0131n\u0131zd\u0131r","publisher":{"@id":"https:\/\/visaindex.com\/tr\/#organization"},"alternateName":"visaindex.com","potentialAction":[{"@type":"SearchAction","target":{"@type":"EntryPoint","urlTemplate":"https:\/\/visaindex.com\/tr\/?s={search_term_string}"},"query-input":{"@type":"PropertyValueSpecification","valueRequired":true,"valueName":"search_term_string"}}],"inLanguage":"tr"},{"@type":"Organization","@id":"https:\/\/visaindex.com\/tr\/#organization","name":"visaindex.com","url":"https:\/\/visaindex.com\/tr\/","logo":{"@type":"ImageObject","inLanguage":"tr","@id":"https:\/\/visaindex.com\/tr\/#\/schema\/logo\/image\/","url":"https:\/\/visaindex.s3-accelerate.amazonaws.com\/wp-content\/uploads\/2022\/11\/23232331\/VisaIndex.svg","contentUrl":"https:\/\/visaindex.s3-accelerate.amazonaws.com\/wp-content\/uploads\/2022\/11\/23232331\/VisaIndex.svg","caption":"visaindex.com"},"image":{"@id":"https:\/\/visaindex.com\/tr\/#\/schema\/logo\/image\/"},"sameAs":["https:\/\/www.facebook.com\/visaindexglobal","https:\/\/x.com\/VisaIndexGlobal","https:\/\/www.instagram.com\/visaindex\/"]}]}},"_links":{"self":[{"href":"https:\/\/visaindex.com\/tr\/wp-json\/wp\/v2\/pages\/34066","targetHints":{"allow":["GET"]}}],"collection":[{"href":"https:\/\/visaindex.com\/tr\/wp-json\/wp\/v2\/pages"}],"about":[{"href":"https:\/\/visaindex.com\/tr\/wp-json\/wp\/v2\/types\/page"}],"author":[{"embeddable":true,"href":"https:\/\/visaindex.com\/tr\/wp-json\/wp\/v2\/users\/9"}],"replies":[{"embeddable":true,"href":"https:\/\/visaindex.com\/tr\/wp-json\/wp\/v2\/comments?post=34066"}],"version-history":[{"count":4,"href":"https:\/\/visaindex.com\/tr\/wp-json\/wp\/v2\/pages\/34066\/revisions"}],"predecessor-version":[{"id":59959,"href":"https:\/\/visaindex.com\/tr\/wp-json\/wp\/v2\/pages\/34066\/revisions\/59959"}],"wp:attachment":[{"href":"https:\/\/visaindex.com\/tr\/wp-json\/wp\/v2\/media?parent=34066"}],"curies":[{"name":"wp","href":"https:\/\/api.w.org\/{rel}","templated":true}]}}