{"id":34145,"date":"2020-11-15T02:18:08","date_gmt":"2020-11-14T22:18:08","guid":{"rendered":"https:\/\/visaindex.com\/visa-requirements\/"},"modified":"2023-06-25T18:48:01","modified_gmt":"2023-06-25T14:48:01","slug":"vize-sartlari","status":"publish","type":"page","link":"https:\/\/visaindex.com\/tr\/vize-sartlari\/","title":{"rendered":"Vizesiz \u00fclkeler"},"content":{"rendered":"","protected":false},"excerpt":{"rendered":"","protected":false},"author":3,"featured_media":0,"parent":0,"menu_order":0,"comment_status":"closed","ping_status":"closed","template":"","meta":{"_acf_changed":false,"inline_featured_image":false,"footnotes":""},"class_list":["post-34145","page","type-page","status-publish","hentry"],"acf":[],"yoast_head":"<!-- This site is optimized with the Yoast SEO Premium plugin v27.4 (Yoast SEO v27.4) - https:\/\/yoast.com\/product\/yoast-seo-premium-wordpress\/ -->\n<title>Vizesiz \u00fclkeler | visaindex.com<\/title>\n<meta name=\"robots\" content=\"index, follow, max-snippet:-1, max-image-preview:large, max-video-preview:-1\" \/>\n<link rel=\"canonical\" href=\"https:\/\/visaindex.com\/tr\/wp-json\/wp\/v2\/pages\/34145\" \/>\n<meta property=\"og:locale\" content=\"tr_TR\" \/>\n<meta property=\"og:type\" content=\"article\" \/>\n<meta property=\"og:title\" content=\"Vizesiz \u00fclkeler\" \/>\n<meta property=\"og:url\" content=\"https:\/\/visaindex.com\/tr\/vize-sartlari\/\" \/>\n<meta property=\"og:site_name\" content=\"VisaIndex.com\" \/>\n<meta property=\"article:publisher\" content=\"https:\/\/www.facebook.com\/visaindexglobal\" \/>\n<meta property=\"article:modified_time\" content=\"2023-06-25T14:48:01+00:00\" \/>\n<meta name=\"twitter:card\" content=\"summary_large_image\" \/>\n<meta name=\"twitter:site\" content=\"@VisaIndexGlobal\" \/>\n<script type=\"application\/ld+json\" class=\"yoast-schema-graph\">{\"@context\":\"https:\\\/\\\/schema.org\",\"@graph\":[{\"@type\":\"WebPage\",\"@id\":\"https:\\\/\\\/visaindex.com\\\/tr\\\/vize-sartlari\\\/\",\"url\":\"https:\\\/\\\/visaindex.com\\\/tr\\\/vize-sartlari\\\/\",\"name\":\"Vizesiz \u00fclkeler | visaindex.com\",\"isPartOf\":{\"@id\":\"https:\\\/\\\/visaindex.com\\\/tr\\\/#website\"},\"datePublished\":\"2020-11-14T22:18:08+00:00\",\"dateModified\":\"2023-06-25T14:48:01+00:00\",\"breadcrumb\":{\"@id\":\"https:\\\/\\\/visaindex.com\\\/tr\\\/vize-sartlari\\\/#breadcrumb\"},\"inLanguage\":\"tr\",\"potentialAction\":[{\"@type\":\"ReadAction\",\"target\":[\"https:\\\/\\\/visaindex.com\\\/tr\\\/vize-sartlari\\\/\"]}]},{\"@type\":\"BreadcrumbList\",\"@id\":\"https:\\\/\\\/visaindex.com\\\/tr\\\/vize-sartlari\\\/#breadcrumb\",\"itemListElement\":[{\"@type\":\"ListItem\",\"position\":1,\"name\":\"Home\",\"item\":\"https:\\\/\\\/visaindex.com\\\/tr\\\/\"},{\"@type\":\"ListItem\",\"position\":2,\"name\":\"Vizesiz \u00fclkeler\"}]},{\"@type\":\"WebSite\",\"@id\":\"https:\\\/\\\/visaindex.com\\\/tr\\\/#website\",\"url\":\"https:\\\/\\\/visaindex.com\\\/tr\\\/\",\"name\":\"Passport Index 2026 | visaindex.com\",\"description\":\"Visaindex.com pasaport s\u0131ralamas\u0131 ve vizesiz seyahat f\u0131rsatlar\u0131 hakk\u0131ndaki b\u00fct\u00fcn bilgiler i\u00e7in tek dura\u011f\u0131n\u0131zd\u0131r\",\"publisher\":{\"@id\":\"https:\\\/\\\/visaindex.com\\\/tr\\\/#organization\"},\"alternateName\":\"visaindex.com\",\"potentialAction\":[{\"@type\":\"SearchAction\",\"target\":{\"@type\":\"EntryPoint\",\"urlTemplate\":\"https:\\\/\\\/visaindex.com\\\/tr\\\/?s={search_term_string}\"},\"query-input\":{\"@type\":\"PropertyValueSpecification\",\"valueRequired\":true,\"valueName\":\"search_term_string\"}}],\"inLanguage\":\"tr\"},{\"@type\":\"Organization\",\"@id\":\"https:\\\/\\\/visaindex.com\\\/tr\\\/#organization\",\"name\":\"visaindex.com\",\"url\":\"https:\\\/\\\/visaindex.com\\\/tr\\\/\",\"logo\":{\"@type\":\"ImageObject\",\"inLanguage\":\"tr\",\"@id\":\"https:\\\/\\\/visaindex.com\\\/tr\\\/#\\\/schema\\\/logo\\\/image\\\/\",\"url\":\"https:\\\/\\\/visaindex.s3-accelerate.amazonaws.com\\\/wp-content\\\/uploads\\\/2022\\\/11\\\/23232331\\\/VisaIndex.svg\",\"contentUrl\":\"https:\\\/\\\/visaindex.s3-accelerate.amazonaws.com\\\/wp-content\\\/uploads\\\/2022\\\/11\\\/23232331\\\/VisaIndex.svg\",\"caption\":\"visaindex.com\"},\"image\":{\"@id\":\"https:\\\/\\\/visaindex.com\\\/tr\\\/#\\\/schema\\\/logo\\\/image\\\/\"},\"sameAs\":[\"https:\\\/\\\/www.facebook.com\\\/visaindexglobal\",\"https:\\\/\\\/x.com\\\/VisaIndexGlobal\",\"https:\\\/\\\/www.instagram.com\\\/visaindex\\\/\"]}]}<\/script>\n<!-- \/ Yoast SEO Premium plugin. -->","yoast_head_json":{"title":"Vizesiz \u00fclkeler | visaindex.com","robots":{"index":"index","follow":"follow","max-snippet":"max-snippet:-1","max-image-preview":"max-image-preview:large","max-video-preview":"max-video-preview:-1"},"canonical":"https:\/\/visaindex.com\/tr\/wp-json\/wp\/v2\/pages\/34145","og_locale":"tr_TR","og_type":"article","og_title":"Vizesiz \u00fclkeler","og_url":"https:\/\/visaindex.com\/tr\/vize-sartlari\/","og_site_name":"VisaIndex.com","article_publisher":"https:\/\/www.facebook.com\/visaindexglobal","article_modified_time":"2023-06-25T14:48:01+00:00","twitter_card":"summary_large_image","twitter_site":"@VisaIndexGlobal","schema":{"@context":"https:\/\/schema.org","@graph":[{"@type":"WebPage","@id":"https:\/\/visaindex.com\/tr\/vize-sartlari\/","url":"https:\/\/visaindex.com\/tr\/vize-sartlari\/","name":"Vizesiz \u00fclkeler | visaindex.com","isPartOf":{"@id":"https:\/\/visaindex.com\/tr\/#website"},"datePublished":"2020-11-14T22:18:08+00:00","dateModified":"2023-06-25T14:48:01+00:00","breadcrumb":{"@id":"https:\/\/visaindex.com\/tr\/vize-sartlari\/#breadcrumb"},"inLanguage":"tr","potentialAction":[{"@type":"ReadAction","target":["https:\/\/visaindex.com\/tr\/vize-sartlari\/"]}]},{"@type":"BreadcrumbList","@id":"https:\/\/visaindex.com\/tr\/vize-sartlari\/#breadcrumb","itemListElement":[{"@type":"ListItem","position":1,"name":"Home","item":"https:\/\/visaindex.com\/tr\/"},{"@type":"ListItem","position":2,"name":"Vizesiz \u00fclkeler"}]},{"@type":"WebSite","@id":"https:\/\/visaindex.com\/tr\/#website","url":"https:\/\/visaindex.com\/tr\/","name":"Passport Index 2026 | visaindex.com","description":"Visaindex.com pasaport s\u0131ralamas\u0131 ve vizesiz seyahat f\u0131rsatlar\u0131 hakk\u0131ndaki b\u00fct\u00fcn bilgiler i\u00e7in tek dura\u011f\u0131n\u0131zd\u0131r","publisher":{"@id":"https:\/\/visaindex.com\/tr\/#organization"},"alternateName":"visaindex.com","potentialAction":[{"@type":"SearchAction","target":{"@type":"EntryPoint","urlTemplate":"https:\/\/visaindex.com\/tr\/?s={search_term_string}"},"query-input":{"@type":"PropertyValueSpecification","valueRequired":true,"valueName":"search_term_string"}}],"inLanguage":"tr"},{"@type":"Organization","@id":"https:\/\/visaindex.com\/tr\/#organization","name":"visaindex.com","url":"https:\/\/visaindex.com\/tr\/","logo":{"@type":"ImageObject","inLanguage":"tr","@id":"https:\/\/visaindex.com\/tr\/#\/schema\/logo\/image\/","url":"https:\/\/visaindex.s3-accelerate.amazonaws.com\/wp-content\/uploads\/2022\/11\/23232331\/VisaIndex.svg","contentUrl":"https:\/\/visaindex.s3-accelerate.amazonaws.com\/wp-content\/uploads\/2022\/11\/23232331\/VisaIndex.svg","caption":"visaindex.com"},"image":{"@id":"https:\/\/visaindex.com\/tr\/#\/schema\/logo\/image\/"},"sameAs":["https:\/\/www.facebook.com\/visaindexglobal","https:\/\/x.com\/VisaIndexGlobal","https:\/\/www.instagram.com\/visaindex\/"]}]}},"_links":{"self":[{"href":"https:\/\/visaindex.com\/tr\/wp-json\/wp\/v2\/pages\/34145","targetHints":{"allow":["GET"]}}],"collection":[{"href":"https:\/\/visaindex.com\/tr\/wp-json\/wp\/v2\/pages"}],"about":[{"href":"https:\/\/visaindex.com\/tr\/wp-json\/wp\/v2\/types\/page"}],"author":[{"embeddable":true,"href":"https:\/\/visaindex.com\/tr\/wp-json\/wp\/v2\/users\/3"}],"replies":[{"embeddable":true,"href":"https:\/\/visaindex.com\/tr\/wp-json\/wp\/v2\/comments?post=34145"}],"version-history":[{"count":8,"href":"https:\/\/visaindex.com\/tr\/wp-json\/wp\/v2\/pages\/34145\/revisions"}],"predecessor-version":[{"id":51478,"href":"https:\/\/visaindex.com\/tr\/wp-json\/wp\/v2\/pages\/34145\/revisions\/51478"}],"wp:attachment":[{"href":"https:\/\/visaindex.com\/tr\/wp-json\/wp\/v2\/media?parent=34145"}],"curies":[{"name":"wp","href":"https:\/\/api.w.org\/{rel}","templated":true}]}}